{"id":1852,"date":"2019-01-28T13:48:40","date_gmt":"2019-01-28T13:48:40","guid":{"rendered":"https:\/\/ant-translation.com\/clientes__\/"},"modified":"2019-02-04T15:48:33","modified_gmt":"2019-02-04T15:48:33","slug":"clientes__","status":"publish","type":"page","link":"https:\/\/ant-translation.com\/pt-br\/clientes__\/","title":{"rendered":"CLIENTES"},"content":{"rendered":"<\/div><\/div><\/div><!-- close content main div --><\/div><\/div><div id='full_slider_1' class='avia-fullwidth-slider main_color avia-shadow  container_wrap sidebar_right'   ><div  data-size='featured'  data-lightbox_size='large'  data-animation='slide_up'  data-ids='1171'  data-video_counter='0'  data-autoplay='true'  data-bg_slider='false'  data-slide_height=''  data-handle='av_slideshow_full'  data-interval='5'  data-class=' '  data-css_id=''  data-scroll_down=''  data-control_layout='av-control-default'  data-custom_markup=''  data-perma_caption=''  data-autoplay_stopper=''  data-image_attachment=''  data-min_height='0px'  data-src=''  data-position='top left'  data-repeat='no-repeat'  data-attach='scroll'  data-stretch=''  data-default-height='28.666666666667'  class='avia-slideshow avia-slideshow-1  av-control-default av-default-height-applied avia-slideshow-featured av_slideshow_full   avia-slide_up-slider '  itemscope=\"itemscope\" itemtype=\"https:\/\/schema.org\/ImageObject\" ><ul class='avia-slideshow-inner' style='padding-bottom: 28.666666666667%;'><li  class=' av-single-slide slide-1 ' ><div data-rel='slideshow-1' class='avia-slide-wrap'  ><div class = \"caption_fullwidth av-slideshow-caption caption_left\"><div class = \"container caption_container\"><div class = \"slideshow_caption\"><div class = \"slideshow_inner_caption\"><div class = \"slideshow_align_caption\"><h2  style='font-size:40px; ' class='avia-caption-title'  itemprop=\"name\" >CLIENTES<\/h2><\/div><\/div><\/div><\/div><\/div><img src='https:\/\/ant-translation.com\/wp-content\/uploads\/2018\/12\/AT_slider_Clientes-1500x430.jpg' width='1500' height='430' title='AT_slider_Clientes' alt=''  itemprop=\"thumbnailUrl\"   \/><\/div><\/li><\/ul><\/div><\/div>\n<\/div><\/div><\/div><!-- close content main div --><\/div><\/div><div id='av_section_1' class='avia-section main_color avia-section-default avia-no-border-styling avia-bg-style-scroll  container_wrap sidebar_right'   ><div class='container' ><div class='template-page content  av-content-small alpha units'><div class='post-entry post-entry-type-page post-entry-1852'><div class='entry-content-wrapper clearfix'>\n<section class=\"av_textblock_section\"  itemscope=\"itemscope\" itemtype=\"https:\/\/schema.org\/CreativeWork\" ><div class='avia_textblock '   itemprop=\"text\" ><p><span style=\"font-weight: 400;\">Agradecemos aos nossos clientes, que confiam na Ant Translation para entender, conectar-se e alcan\u00e7ar. Estes s\u00e3o alguns deles:<\/span><\/p>\n<\/div><\/section>\n<div class=\"flex_column av_one_full  flex_column_div av-zero-column-padding first  \" style='border-radius:0px; '><div  data-autoplay='false'  data-interval='5'  data-animation='slide'  class='avia-logo-element-container av-border-deactivate avia-logo-grid avia-content-slider avia-smallarrow-slider avia-content-grid-active noHover avia-content-slider1 avia-content-slider-even ' ><div class='avia-smallarrow-slider-heading  no-logo-slider-heading '><div class='new-special-heading'>&nbsp;<\/div><\/div><div class='avia-content-slider-inner'><div class='slide-entry-wrap'  itemscope=\"itemscope\" itemtype=\"https:\/\/schema.org\/ImageObject\" ><div  class='slide-entry flex_column no_margin post-entry slide-entry-overview slide-loop-1 slide-parity-odd  av_one_fourth first real-thumbnail'><img  itemprop=\"thumbnailUrl\"  width=\"300\" height=\"168\" src=\"https:\/\/ant-translation.com\/wp-content\/uploads\/2018\/12\/ada.jpg\" class=\"attachment-no scaling size-no scaling\" alt=\"\" decoding=\"async\" loading=\"lazy\" \/><\/div><div  class='slide-entry flex_column no_margin post-entry slide-entry-overview slide-loop-2 slide-parity-even  av_one_fourth  real-thumbnail'><img  itemprop=\"thumbnailUrl\"  width=\"300\" height=\"168\" src=\"https:\/\/ant-translation.com\/wp-content\/uploads\/2018\/12\/Ambiental.jpg\" class=\"attachment-no scaling size-no scaling\" alt=\"\" decoding=\"async\" loading=\"lazy\" \/><\/div><div  class='slide-entry flex_column no_margin post-entry slide-entry-overview slide-loop-3 slide-parity-odd  av_one_fourth  real-thumbnail'><img  itemprop=\"thumbnailUrl\"  width=\"300\" height=\"168\" src=\"https:\/\/ant-translation.com\/wp-content\/uploads\/2018\/12\/America-dialogo-chino.jpg\" class=\"attachment-no scaling size-no scaling\" alt=\"\" decoding=\"async\" loading=\"lazy\" \/><\/div><div  class='slide-entry flex_column no_margin post-entry slide-entry-overview slide-loop-4 slide-parity-even  av_one_fourth  real-thumbnail'><img  itemprop=\"thumbnailUrl\"  width=\"300\" height=\"168\" src=\"https:\/\/ant-translation.com\/wp-content\/uploads\/2018\/12\/American-Red-Cross.jpg\" class=\"attachment-no scaling size-no scaling\" alt=\"\" decoding=\"async\" loading=\"lazy\" \/><\/div><\/div><div class='slide-entry-wrap'  itemscope=\"itemscope\" itemtype=\"https:\/\/schema.org\/ImageObject\" ><div  class='slide-entry flex_column no_margin post-entry slide-entry-overview slide-loop-5 slide-parity-odd  av_one_fourth first real-thumbnail'><img  itemprop=\"thumbnailUrl\"  width=\"300\" height=\"168\" src=\"https:\/\/ant-translation.com\/wp-content\/uploads\/2018\/12\/Ashton-Lakes.jpg\" class=\"attachment-no scaling size-no scaling\" alt=\"\" decoding=\"async\" loading=\"lazy\" \/><\/div><div  class='slide-entry flex_column no_margin post-entry slide-entry-overview slide-loop-6 slide-parity-even  av_one_fourth  real-thumbnail'><img  itemprop=\"thumbnailUrl\"  width=\"300\" height=\"168\" src=\"https:\/\/ant-translation.com\/wp-content\/uploads\/2018\/12\/Berlitz.jpg\" class=\"attachment-no scaling size-no scaling\" alt=\"\" decoding=\"async\" loading=\"lazy\" \/><\/div><div  class='slide-entry flex_column no_margin post-entry slide-entry-overview slide-loop-7 slide-parity-odd  av_one_fourth  real-thumbnail'><img  itemprop=\"thumbnailUrl\"  width=\"300\" height=\"168\" src=\"https:\/\/ant-translation.com\/wp-content\/uploads\/2018\/12\/Buck-institute.jpg\" class=\"attachment-no scaling size-no scaling\" alt=\"\" decoding=\"async\" loading=\"lazy\" \/><\/div><div  class='slide-entry flex_column no_margin post-entry slide-entry-overview slide-loop-8 slide-parity-even  av_one_fourth  real-thumbnail'><img  itemprop=\"thumbnailUrl\"  width=\"300\" height=\"168\" src=\"https:\/\/ant-translation.com\/wp-content\/uploads\/2018\/12\/Cososys.jpg\" class=\"attachment-no scaling size-no scaling\" alt=\"\" decoding=\"async\" loading=\"lazy\" \/><\/div><\/div><div class='slide-entry-wrap'  itemscope=\"itemscope\" itemtype=\"https:\/\/schema.org\/ImageObject\" ><div  class='slide-entry flex_column no_margin post-entry slide-entry-overview slide-loop-9 slide-parity-odd  av_one_fourth first real-thumbnail'><img  itemprop=\"thumbnailUrl\"  width=\"300\" height=\"168\" src=\"https:\/\/ant-translation.com\/wp-content\/uploads\/2018\/12\/crea.jpg\" class=\"attachment-no scaling size-no scaling\" alt=\"\" decoding=\"async\" loading=\"lazy\" \/><\/div><div  class='slide-entry flex_column no_margin post-entry slide-entry-overview slide-loop-10 slide-parity-even  av_one_fourth  real-thumbnail'><img  itemprop=\"thumbnailUrl\"  width=\"300\" height=\"168\" src=\"https:\/\/ant-translation.com\/wp-content\/uploads\/2018\/12\/Docip.jpg\" class=\"attachment-no scaling size-no scaling\" alt=\"\" decoding=\"async\" loading=\"lazy\" \/><\/div><div  class='slide-entry flex_column no_margin post-entry slide-entry-overview slide-loop-11 slide-parity-odd  av_one_fourth  real-thumbnail'><img  itemprop=\"thumbnailUrl\"  width=\"300\" height=\"168\" src=\"https:\/\/ant-translation.com\/wp-content\/uploads\/2018\/12\/Dunwody-White-_-Landon-P.A..jpg\" class=\"attachment-no scaling size-no scaling\" alt=\"\" decoding=\"async\" loading=\"lazy\" \/><\/div><div  class='slide-entry flex_column no_margin post-entry slide-entry-overview slide-loop-12 slide-parity-even  av_one_fourth  real-thumbnail'><img  itemprop=\"thumbnailUrl\"  width=\"300\" height=\"168\" src=\"https:\/\/ant-translation.com\/wp-content\/uploads\/2018\/12\/Dynamic.jpg\" class=\"attachment-no scaling size-no scaling\" alt=\"\" decoding=\"async\" loading=\"lazy\" \/><\/div><\/div><div class='slide-entry-wrap'  itemscope=\"itemscope\" itemtype=\"https:\/\/schema.org\/ImageObject\" ><div  class='slide-entry flex_column no_margin post-entry slide-entry-overview slide-loop-13 slide-parity-odd  av_one_fourth first real-thumbnail'><img  itemprop=\"thumbnailUrl\"  width=\"300\" height=\"168\" src=\"https:\/\/ant-translation.com\/wp-content\/uploads\/2018\/12\/EZ-tax.jpg\" class=\"attachment-no scaling size-no scaling\" alt=\"\" decoding=\"async\" loading=\"lazy\" \/><\/div><div  class='slide-entry flex_column no_margin post-entry slide-entry-overview slide-loop-14 slide-parity-even  av_one_fourth  real-thumbnail'><img  itemprop=\"thumbnailUrl\"  width=\"300\" height=\"168\" src=\"https:\/\/ant-translation.com\/wp-content\/uploads\/2018\/12\/Fairfood.jpg\" class=\"attachment-no scaling size-no scaling\" alt=\"\" decoding=\"async\" loading=\"lazy\" \/><\/div><div  class='slide-entry flex_column no_margin post-entry slide-entry-overview slide-loop-15 slide-parity-odd  av_one_fourth  real-thumbnail'><img  itemprop=\"thumbnailUrl\"  width=\"300\" height=\"168\" src=\"https:\/\/ant-translation.com\/wp-content\/uploads\/2018\/12\/GP-media.jpg\" class=\"attachment-no scaling size-no scaling\" alt=\"\" decoding=\"async\" loading=\"lazy\" \/><\/div><div  class='slide-entry flex_column no_margin post-entry slide-entry-overview slide-loop-16 slide-parity-even  av_one_fourth  real-thumbnail'><img  itemprop=\"thumbnailUrl\"  width=\"300\" height=\"168\" src=\"https:\/\/ant-translation.com\/wp-content\/uploads\/2018\/12\/Literacy-Counsil.jpg\" class=\"attachment-no scaling size-no scaling\" alt=\"\" decoding=\"async\" loading=\"lazy\" \/><\/div><\/div><div class='slide-entry-wrap'  itemscope=\"itemscope\" itemtype=\"https:\/\/schema.org\/ImageObject\" ><div  class='slide-entry flex_column no_margin post-entry slide-entry-overview slide-loop-17 slide-parity-odd  av_one_fourth first real-thumbnail'><img  itemprop=\"thumbnailUrl\"  width=\"300\" height=\"168\" src=\"https:\/\/ant-translation.com\/wp-content\/uploads\/2018\/12\/Oliver.jpg\" class=\"attachment-no scaling size-no scaling\" alt=\"\" decoding=\"async\" loading=\"lazy\" \/><\/div><div  class='slide-entry flex_column no_margin post-entry slide-entry-overview slide-loop-18 slide-parity-even  av_one_fourth  real-thumbnail'><img  itemprop=\"thumbnailUrl\"  width=\"300\" height=\"168\" src=\"https:\/\/ant-translation.com\/wp-content\/uploads\/2018\/12\/OXFAM-America.jpg\" class=\"attachment-no scaling size-no scaling\" alt=\"\" decoding=\"async\" loading=\"lazy\" \/><\/div><div  class='slide-entry flex_column no_margin post-entry slide-entry-overview slide-loop-19 slide-parity-odd  av_one_fourth  real-thumbnail'><img  itemprop=\"thumbnailUrl\"  width=\"300\" height=\"168\" src=\"https:\/\/ant-translation.com\/wp-content\/uploads\/2018\/12\/Projet-sindicate.jpg\" class=\"attachment-no scaling size-no scaling\" alt=\"\" decoding=\"async\" loading=\"lazy\" \/><\/div><div  class='slide-entry flex_column no_margin post-entry slide-entry-overview slide-loop-20 slide-parity-even  av_one_fourth  real-thumbnail'><img  itemprop=\"thumbnailUrl\"  width=\"300\" height=\"168\" src=\"https:\/\/ant-translation.com\/wp-content\/uploads\/2018\/12\/Protemos.jpg\" class=\"attachment-no scaling size-no scaling\" alt=\"\" decoding=\"async\" loading=\"lazy\" \/><\/div><\/div><div class='slide-entry-wrap'  itemscope=\"itemscope\" itemtype=\"https:\/\/schema.org\/ImageObject\" ><div  class='slide-entry flex_column no_margin post-entry slide-entry-overview slide-loop-21 slide-parity-odd  av_one_fourth first real-thumbnail'><img  itemprop=\"thumbnailUrl\"  width=\"300\" height=\"168\" src=\"https:\/\/ant-translation.com\/wp-content\/uploads\/2018\/12\/revista-plot.jpg\" class=\"attachment-no scaling size-no scaling\" alt=\"\" decoding=\"async\" loading=\"lazy\" \/><\/div><div  class='slide-entry flex_column no_margin post-entry slide-entry-overview slide-loop-22 slide-parity-even  av_one_fourth  real-thumbnail'><img  itemprop=\"thumbnailUrl\"  width=\"300\" height=\"168\" src=\"https:\/\/ant-translation.com\/wp-content\/uploads\/2018\/12\/Rotary-International.jpg\" class=\"attachment-no scaling size-no scaling\" alt=\"\" decoding=\"async\" loading=\"lazy\" \/><\/div><div  class='slide-entry flex_column no_margin post-entry slide-entry-overview slide-loop-23 slide-parity-odd  av_one_fourth  real-thumbnail'><img  itemprop=\"thumbnailUrl\"  width=\"300\" height=\"168\" src=\"https:\/\/ant-translation.com\/wp-content\/uploads\/2018\/12\/Snap-on.jpg\" class=\"attachment-no scaling size-no scaling\" alt=\"\" decoding=\"async\" loading=\"lazy\" \/><\/div><div  class='slide-entry flex_column no_margin post-entry slide-entry-overview slide-loop-24 slide-parity-even  av_one_fourth  real-thumbnail'><img  itemprop=\"thumbnailUrl\"  width=\"300\" height=\"168\" src=\"https:\/\/ant-translation.com\/wp-content\/uploads\/2018\/12\/Tag.jpg\" class=\"attachment-no scaling size-no scaling\" alt=\"\" decoding=\"async\" loading=\"lazy\" \/><\/div><\/div><div class='slide-entry-wrap'  itemscope=\"itemscope\" itemtype=\"https:\/\/schema.org\/ImageObject\" ><div  class='slide-entry flex_column no_margin post-entry slide-entry-overview slide-loop-25 slide-parity-odd  av_one_fourth first real-thumbnail'><img  itemprop=\"thumbnailUrl\"  width=\"300\" height=\"168\" src=\"https:\/\/ant-translation.com\/wp-content\/uploads\/2018\/12\/Translators-without-borders.jpg\" class=\"attachment-no scaling size-no scaling\" alt=\"\" decoding=\"async\" loading=\"lazy\" \/><\/div><div  class='slide-entry flex_column no_margin post-entry slide-entry-overview slide-loop-26 slide-parity-even  av_one_fourth  real-thumbnail'><img  itemprop=\"thumbnailUrl\"  width=\"300\" height=\"168\" src=\"https:\/\/ant-translation.com\/wp-content\/uploads\/2018\/12\/translators4kids.jpg\" class=\"attachment-no scaling size-no scaling\" alt=\"\" decoding=\"async\" loading=\"lazy\" \/><\/div><div  class='slide-entry flex_column no_margin post-entry slide-entry-overview slide-loop-27 slide-parity-odd  av_one_fourth  real-thumbnail'><img  itemprop=\"thumbnailUrl\"  width=\"300\" height=\"168\" src=\"https:\/\/ant-translation.com\/wp-content\/uploads\/2018\/12\/UBA-Fadu.jpg\" class=\"attachment-no scaling size-no scaling\" alt=\"\" decoding=\"async\" loading=\"lazy\" \/><\/div><div  class='slide-entry flex_column no_margin post-entry slide-entry-overview slide-loop-28 slide-parity-even  av_one_fourth  real-thumbnail'><img  itemprop=\"thumbnailUrl\"  width=\"300\" height=\"168\" src=\"https:\/\/ant-translation.com\/wp-content\/uploads\/2018\/12\/UNGS.jpg\" class=\"attachment-no scaling size-no scaling\" alt=\"\" decoding=\"async\" loading=\"lazy\" \/><\/div><\/div><div class='slide-entry-wrap'  itemscope=\"itemscope\" itemtype=\"https:\/\/schema.org\/ImageObject\" ><div  class='slide-entry flex_column no_margin post-entry slide-entry-overview slide-loop-29 slide-parity-odd  av_one_fourth first real-thumbnail'><img  itemprop=\"thumbnailUrl\"  width=\"300\" height=\"168\" src=\"https:\/\/ant-translation.com\/wp-content\/uploads\/2018\/12\/unsam.jpg\" class=\"attachment-no scaling size-no scaling\" alt=\"\" decoding=\"async\" loading=\"lazy\" \/><\/div><div  class='slide-entry flex_column no_margin post-entry slide-entry-overview slide-loop-30 slide-parity-even  av_one_fourth  real-thumbnail'><img  itemprop=\"thumbnailUrl\"  width=\"300\" height=\"168\" src=\"https:\/\/ant-translation.com\/wp-content\/uploads\/2018\/12\/word-trade-organitation.jpg\" class=\"attachment-no scaling size-no scaling\" alt=\"\" decoding=\"async\" loading=\"lazy\" \/><\/div><div  class='slide-entry flex_column no_margin post-entry slide-entry-overview slide-loop-31 slide-parity-odd  post-entry-last  av_one_fourth  real-thumbnail'><img  itemprop=\"thumbnailUrl\"  width=\"300\" height=\"168\" src=\"https:\/\/ant-translation.com\/wp-content\/uploads\/2018\/12\/Zotero.jpg\" class=\"attachment-no scaling size-no scaling\" alt=\"\" decoding=\"async\" loading=\"lazy\" \/><\/div><\/div><\/div><\/div><\/div><section class=\"av_textblock_section\"  itemscope=\"itemscope\" itemtype=\"https:\/\/schema.org\/CreativeWork\" ><div class='avia_textblock '   itemprop=\"text\" ><p><span style=\"font-weight: 400;\">Nossas equipes tamb\u00e9m colaboraram com outras ag\u00eancias de tradu\u00e7\u00e3o &#8211; desde algumas das maiores do mundo at\u00e9 ag\u00eancias boutique especializadas &#8211; na Argentina, no Canad\u00e1, na China, nos EUA, Espanha, Fran\u00e7a, \u00cdndia, It\u00e1lia, Noruega e o Reino Unido.<\/span><\/p>\n<\/div><\/section>\n<\/div><\/div><\/div><!-- close content main div --><\/div><\/div><div id='after_section_1' class='main_color av_default_container_wrap container_wrap sidebar_right'   ><div class='container' ><div class='template-page content  av-content-small alpha units'><div class='post-entry post-entry-type-page post-entry-1852'><div class='entry-content-wrapper clearfix'>\n","protected":false},"excerpt":{"rendered":"","protected":false},"author":1,"featured_media":0,"parent":0,"menu_order":0,"comment_status":"closed","ping_status":"closed","template":"","meta":[],"yoast_head":"<!-- This site is optimized with the Yoast SEO plugin v20.3 - https:\/\/yoast.com\/wordpress\/plugins\/seo\/ -->\n<title>CLIENTES - Ant Translation<\/title>\n<meta name=\"robots\" content=\"index, follow, max-snippet:-1, max-image-preview:large, max-video-preview:-1\" \/>\n<link rel=\"canonical\" href=\"https:\/\/ant-translation.com\/pt-br\/clientes__\/\" \/>\n<meta property=\"og:locale\" content=\"pt_BR\" \/>\n<meta property=\"og:type\" content=\"article\" \/>\n<meta property=\"og:title\" content=\"CLIENTES - Ant Translation\" \/>\n<meta property=\"og:url\" content=\"https:\/\/ant-translation.com\/pt-br\/clientes__\/\" \/>\n<meta property=\"og:site_name\" content=\"Ant Translation\" \/>\n<meta property=\"article:modified_time\" content=\"2019-02-04T15:48:33+00:00\" \/>\n<meta name=\"twitter:card\" content=\"summary_large_image\" \/>\n<meta name=\"twitter:label1\" content=\"Est. tempo de leitura\" \/>\n\t<meta name=\"twitter:data1\" content=\"4 minutos\" \/>\n<script type=\"application\/ld+json\" class=\"yoast-schema-graph\">{\"@context\":\"https:\/\/schema.org\",\"@graph\":[{\"@type\":\"WebPage\",\"@id\":\"https:\/\/ant-translation.com\/pt-br\/clientes__\/\",\"url\":\"https:\/\/ant-translation.com\/pt-br\/clientes__\/\",\"name\":\"CLIENTES - Ant Translation\",\"isPartOf\":{\"@id\":\"https:\/\/ant-translation.com\/pt-br\/#website\"},\"datePublished\":\"2019-01-28T13:48:40+00:00\",\"dateModified\":\"2019-02-04T15:48:33+00:00\",\"breadcrumb\":{\"@id\":\"https:\/\/ant-translation.com\/pt-br\/clientes__\/#breadcrumb\"},\"inLanguage\":\"pt-BR\",\"potentialAction\":[{\"@type\":\"ReadAction\",\"target\":[\"https:\/\/ant-translation.com\/pt-br\/clientes__\/\"]}]},{\"@type\":\"BreadcrumbList\",\"@id\":\"https:\/\/ant-translation.com\/pt-br\/clientes__\/#breadcrumb\",\"itemListElement\":[{\"@type\":\"ListItem\",\"position\":1,\"name\":\"Home\",\"item\":\"https:\/\/ant-translation.com\/pt-br\/\"},{\"@type\":\"ListItem\",\"position\":2,\"name\":\"CLIENTES\"}]},{\"@type\":\"WebSite\",\"@id\":\"https:\/\/ant-translation.com\/pt-br\/#website\",\"url\":\"https:\/\/ant-translation.com\/pt-br\/\",\"name\":\"Ant Translation\",\"description\":\"Traducci\u00f3n profesional para entender, conectar y lograr tus objetivos\",\"potentialAction\":[{\"@type\":\"SearchAction\",\"target\":{\"@type\":\"EntryPoint\",\"urlTemplate\":\"https:\/\/ant-translation.com\/pt-br\/?s={search_term_string}\"},\"query-input\":\"required name=search_term_string\"}],\"inLanguage\":\"pt-BR\"}]}<\/script>\n<!-- \/ Yoast SEO plugin. -->","yoast_head_json":{"title":"CLIENTES - Ant Translation","robots":{"index":"index","follow":"follow","max-snippet":"max-snippet:-1","max-image-preview":"max-image-preview:large","max-video-preview":"max-video-preview:-1"},"canonical":"https:\/\/ant-translation.com\/pt-br\/clientes__\/","og_locale":"pt_BR","og_type":"article","og_title":"CLIENTES - Ant Translation","og_url":"https:\/\/ant-translation.com\/pt-br\/clientes__\/","og_site_name":"Ant Translation","article_modified_time":"2019-02-04T15:48:33+00:00","twitter_card":"summary_large_image","twitter_misc":{"Est. tempo de leitura":"4 minutos"},"schema":{"@context":"https:\/\/schema.org","@graph":[{"@type":"WebPage","@id":"https:\/\/ant-translation.com\/pt-br\/clientes__\/","url":"https:\/\/ant-translation.com\/pt-br\/clientes__\/","name":"CLIENTES - Ant Translation","isPartOf":{"@id":"https:\/\/ant-translation.com\/pt-br\/#website"},"datePublished":"2019-01-28T13:48:40+00:00","dateModified":"2019-02-04T15:48:33+00:00","breadcrumb":{"@id":"https:\/\/ant-translation.com\/pt-br\/clientes__\/#breadcrumb"},"inLanguage":"pt-BR","potentialAction":[{"@type":"ReadAction","target":["https:\/\/ant-translation.com\/pt-br\/clientes__\/"]}]},{"@type":"BreadcrumbList","@id":"https:\/\/ant-translation.com\/pt-br\/clientes__\/#breadcrumb","itemListElement":[{"@type":"ListItem","position":1,"name":"Home","item":"https:\/\/ant-translation.com\/pt-br\/"},{"@type":"ListItem","position":2,"name":"CLIENTES"}]},{"@type":"WebSite","@id":"https:\/\/ant-translation.com\/pt-br\/#website","url":"https:\/\/ant-translation.com\/pt-br\/","name":"Ant Translation","description":"Traducci\u00f3n profesional para entender, conectar y lograr tus objetivos","potentialAction":[{"@type":"SearchAction","target":{"@type":"EntryPoint","urlTemplate":"https:\/\/ant-translation.com\/pt-br\/?s={search_term_string}"},"query-input":"required name=search_term_string"}],"inLanguage":"pt-BR"}]}},"_links":{"self":[{"href":"https:\/\/ant-translation.com\/pt-br\/wp-json\/wp\/v2\/pages\/1852"}],"collection":[{"href":"https:\/\/ant-translation.com\/pt-br\/wp-json\/wp\/v2\/pages"}],"about":[{"href":"https:\/\/ant-translation.com\/pt-br\/wp-json\/wp\/v2\/types\/page"}],"author":[{"embeddable":true,"href":"https:\/\/ant-translation.com\/pt-br\/wp-json\/wp\/v2\/users\/1"}],"replies":[{"embeddable":true,"href":"https:\/\/ant-translation.com\/pt-br\/wp-json\/wp\/v2\/comments?post=1852"}],"version-history":[{"count":5,"href":"https:\/\/ant-translation.com\/pt-br\/wp-json\/wp\/v2\/pages\/1852\/revisions"}],"predecessor-version":[{"id":1926,"href":"https:\/\/ant-translation.com\/pt-br\/wp-json\/wp\/v2\/pages\/1852\/revisions\/1926"}],"wp:attachment":[{"href":"https:\/\/ant-translation.com\/pt-br\/wp-json\/wp\/v2\/media?parent=1852"}],"curies":[{"name":"wp","href":"https:\/\/api.w.org\/{rel}","templated":true}]}}