{"id":1846,"date":"2019-01-28T13:48:36","date_gmt":"2019-01-28T13:48:36","guid":{"rendered":"https:\/\/ant-translation.com\/arquitectura\/"},"modified":"2019-02-04T15:48:33","modified_gmt":"2019-02-04T15:48:33","slug":"arquitectura","status":"publish","type":"page","link":"https:\/\/ant-translation.com\/pt-br\/arquitectura\/","title":{"rendered":"ARQUITETURA"},"content":{"rendered":"<\/div><\/div><\/div><!-- close content main div --><\/div><\/div><div id='full_slider_1' class='avia-fullwidth-slider main_color avia-shadow  container_wrap sidebar_right'   ><div  data-size='featured'  data-lightbox_size='large'  data-animation='slide_up'  data-ids='529'  data-video_counter='0'  data-autoplay='true'  data-bg_slider='false'  data-slide_height=''  data-handle='av_slideshow_full'  data-interval='5'  data-class=' '  data-css_id=''  data-scroll_down=''  data-control_layout='av-control-default'  data-custom_markup=''  data-perma_caption=''  data-autoplay_stopper=''  data-image_attachment=''  data-min_height='0px'  data-src=''  data-position='top left'  data-repeat='no-repeat'  data-attach='scroll'  data-stretch=''  data-default-height='28.666666666667'  class='avia-slideshow avia-slideshow-1  av-control-default av-default-height-applied avia-slideshow-featured av_slideshow_full   avia-slide_up-slider '  itemscope=\"itemscope\" itemtype=\"https:\/\/schema.org\/ImageObject\" ><ul class='avia-slideshow-inner' style='padding-bottom: 28.666666666667%;'><li  class=' av-single-slide slide-1 ' ><div data-rel='slideshow-1' class='avia-slide-wrap'  ><div class = \"caption_fullwidth av-slideshow-caption caption_left\"><div class = \"container caption_container\"><div class = \"slideshow_caption\"><div class = \"slideshow_inner_caption\"><div class = \"slideshow_align_caption\"><h2  style='font-size:40px; ' class='avia-caption-title'  itemprop=\"name\" >ARQUITETURA<\/h2><\/div><\/div><\/div><\/div><\/div><img src='https:\/\/ant-translation.com\/wp-content\/uploads\/2017\/12\/AT_slider_-arquitectura01-1500x430.jpg' width='1500' height='430' title='AT_slider_-arquitectura01' alt=''  itemprop=\"thumbnailUrl\"   \/><div class='av-section-color-overlay' style='opacity: 0.8; background-color: #00afec; '><\/div><\/div><\/li><\/ul><\/div><\/div>\n<\/div><\/div><\/div><!-- close content main div --><\/div><\/div><div id='av_section_1' class='avia-section main_color avia-section-large avia-no-border-styling avia-bg-style-scroll  container_wrap sidebar_right'   ><div class='container' ><div class='template-page content  av-content-small alpha units'><div class='post-entry post-entry-type-page post-entry-1846'><div class='entry-content-wrapper clearfix'>\n<div class='flex_column_table av-equal-height-column-flextable' ><div class=\"flex_column av_one_third  flex_column_table_cell av-equal-height-column av-align-top av-zero-column-padding first  \" style='border-radius:0px; '><p><div style='padding-bottom:10px;color:#00afec;font-size:24px;' class='av-special-heading av-special-heading-h3 custom-color-heading blockquote modern-quote   av-inherit-size'><h3 class='av-special-heading-tag'  itemprop=\"headline\"  >Tradu\u00e7\u00e3o para arquitetura, estudos urbanos, constru\u00e7\u00e3o e engenharia civil.<\/h3><div class='special-heading-border'><div class='special-heading-inner-border' style='border-color:#00afec'><\/div><\/div><\/div><br \/>\n<div style='height:20px' class='hr hr-invisible '><span class='hr-inner ' ><span class='hr-inner-style'><\/span><\/span><\/div><br \/>\n<div class='avia-image-container  av-styling-   avia-align-center '  itemscope=\"itemscope\" itemtype=\"https:\/\/schema.org\/ImageObject\"  ><div class='avia-image-container-inner'><img class='avia_image ' src='https:\/\/ant-translation.com\/wp-content\/uploads\/2017\/12\/logos-ISO.jpg' alt='' title='logos-ISO'   itemprop=\"thumbnailUrl\"  \/><\/div><\/div><\/p><\/div><\/div><!--close column table wrapper. Autoclose: 1 --><div class='flex_column_table av-equal-height-column-flextable' ><div class='av-flex-placeholder'><\/div><div class=\"flex_column av_two_third  flex_column_table_cell av-equal-height-column av-align-top av-zero-column-padding   \" style='border-radius:0px; '><p><div style='padding-bottom:10px;color:#185694;font-size:21px;' class='av-special-heading av-special-heading-h3 custom-color-heading blockquote modern-quote   av-inherit-size'><h3 class='av-special-heading-tag'  itemprop=\"headline\"  >Destaque-se<\/h3><div class='special-heading-border'><div class='special-heading-inner-border' style='border-color:#185694'><\/div><\/div><\/div><br \/>\n<section class=\"av_textblock_section\"  itemscope=\"itemscope\" itemtype=\"https:\/\/schema.org\/CreativeWork\" ><div class='avia_textblock '   itemprop=\"text\" ><p>Os fundadores da ANT possuem gradua\u00e7\u00e3o e p\u00f3s-gradua\u00e7\u00e3o em arquitetura e urbanismo, planejamento e estudos urbanos. Colocamos, \u00e0 sua disposi\u00e7\u00e3o, uma rede de especialistas inigual\u00e1vel.<\/p>\n<\/div><\/section><br \/>\n<div class='avia-button-wrap avia-button-left '><a href='https:\/\/ant-translation.com\/pt-br\/contacto__\/' class='avia-button  avia-icon_select-yes-left-icon avia-color-theme-color avia-size-medium avia-position-left '   ><span class='avia_button_icon avia_button_icon_left ' aria-hidden='true' data-av_icon='\ue805' data-av_iconfont='entypo-fontello'><\/span><span class='avia_iconbox_title' >Entre em contato conosco<\/span><\/a><\/div><\/p><\/div><\/div><!--close column table wrapper. Autoclose: 1 --><\/div><\/div><\/div><!-- close content main div --><\/div><\/div><div id='after_section_1' class='main_color av_default_container_wrap container_wrap sidebar_right'   ><div class='container' ><div class='template-page content  av-content-small alpha units'><div class='post-entry post-entry-type-page post-entry-1846'><div class='entry-content-wrapper clearfix'><\/div><\/div><\/div><!-- close content main div --><\/div><\/div><div id='av_section_2' class='avia-section main_color avia-section-large avia-no-border-styling avia-bg-style-scroll  container_wrap sidebar_right' style = 'background-color: #f2f2f2; '  ><div class='container' ><div class='template-page content  av-content-small alpha units'><div class='post-entry post-entry-type-page post-entry-1846'><div class='entry-content-wrapper clearfix'>\n<div class='flex_column_table av-equal-height-column-flextable' ><div class=\"flex_column av_one_fourth  flex_column_table_cell av-equal-height-column av-align-bottom av-zero-column-padding first  \" style='border-radius:0px; '><p><div style='padding-bottom:10px;color:#185694;font-size:21px;' class='av-special-heading av-special-heading-h3 custom-color-heading blockquote modern-quote   av-inherit-size'><h3 class='av-special-heading-tag'  itemprop=\"headline\"  >As melhores pr\u00e1ticas, sistematizadas <\/h3><div class='special-heading-border'><div class='special-heading-inner-border' style='border-color:#185694'><\/div><\/div><\/div><br \/>\n<div style=' margin-top:15px; margin-bottom:15px;'  class='hr hr-custom hr-center hr-icon-no '><span class='hr-inner   inner-border-av-border-fat' style=' width:100%; border-color:#00afec;' ><span class='hr-inner-style'><\/span><\/span><\/div><\/p><\/div><\/div><!--close column table wrapper. Autoclose: 1 --><div class='flex_column_table av-equal-height-column-flextable' ><div class='av-flex-placeholder'><\/div><div class=\"flex_column av_one_fourth  flex_column_table_cell av-equal-height-column av-align-bottom av-zero-column-padding   \" style='border-radius:0px; '><p><div style='padding-bottom:10px;color:#185694;font-size:21px;' class='av-special-heading av-special-heading-h3 custom-color-heading blockquote modern-quote   av-inherit-size'><h3 class='av-special-heading-tag'  itemprop=\"headline\"  >Tradu\u00e7\u00f5es p\u00fablicas, jur\u00eddicas e de marketing<\/h3><div class='special-heading-border'><div class='special-heading-inner-border' style='border-color:#185694'><\/div><\/div><\/div><br \/>\n<div style=' margin-top:15px; margin-bottom:15px;'  class='hr hr-custom hr-center hr-icon-no '><span class='hr-inner   inner-border-av-border-fat' style=' width:100%; border-color:#33bff0;' ><span class='hr-inner-style'><\/span><\/span><\/div><\/p><\/div><\/div><!--close column table wrapper. Autoclose: 1 --><div class='flex_column_table av-equal-height-column-flextable' ><div class='av-flex-placeholder'><\/div><div class=\"flex_column av_one_fourth  flex_column_table_cell av-equal-height-column av-align-bottom av-zero-column-padding   \" style='border-radius:0px; '><p><div style='padding-bottom:10px;color:#185694;font-size:21px;' class='av-special-heading av-special-heading-h3 custom-color-heading blockquote modern-quote   av-inherit-size'><h3 class='av-special-heading-tag'  itemprop=\"headline\"  >Equil\u00edbrio desde todos os \u00e2ngulos e em todas as escalas<\/h3><div class='special-heading-border'><div class='special-heading-inner-border' style='border-color:#185694'><\/div><\/div><\/div><br \/>\n<div style=' margin-top:15px; margin-bottom:15px;'  class='hr hr-custom hr-center hr-icon-no '><span class='hr-inner   inner-border-av-border-fat' style=' width:100%; border-color:#66cff4;' ><span class='hr-inner-style'><\/span><\/span><\/div><\/p><\/div><\/div><!--close column table wrapper. Autoclose: 1 --><div class='flex_column_table av-equal-height-column-flextable' ><div class='av-flex-placeholder'><\/div><div class=\"flex_column av_one_fourth  flex_column_table_cell av-equal-height-column av-align-bottom av-zero-column-padding   \" style='border-radius:0px; '><p><div style='padding-bottom:10px;color:#185694;font-size:21px;' class='av-special-heading av-special-heading-h3 custom-color-heading blockquote modern-quote   av-inherit-size'><h3 class='av-special-heading-tag'  itemprop=\"headline\"  >Supervis\u00e3o de obra<\/h3><div class='special-heading-border'><div class='special-heading-inner-border' style='border-color:#185694'><\/div><\/div><\/div><br \/>\n<div style=' margin-top:15px; margin-bottom:15px;'  class='hr hr-custom hr-center hr-icon-no '><span class='hr-inner   inner-border-av-border-fat' style=' width:100%; border-color:#99dff7;' ><span class='hr-inner-style'><\/span><\/span><\/div><\/p><\/div><\/div><!--close column table wrapper. Autoclose: 1 --><div class='flex_column_table av-equal-height-column-flextable' ><div class=\"flex_column av_one_fourth  flex_column_table_cell av-equal-height-column av-align-top av-zero-column-padding first  \" style='border-radius:0px; '><section class=\"av_textblock_section\"  itemscope=\"itemscope\" itemtype=\"https:\/\/schema.org\/CreativeWork\" ><div class='avia_textblock '   itemprop=\"text\" ><p>Para a sua tranquilidade, certificamos as normas ISO 9001:2015 (qualidade de processos) e 17100:2015 (qualidade para servi\u00e7os de tradu\u00e7\u00e3o), aplicamos processos de efici\u00eancia comprovada e a tecnologia mais avan\u00e7ada.<\/p>\n<\/div><\/section><\/div><\/div><!--close column table wrapper. Autoclose: 1 --><div class='flex_column_table av-equal-height-column-flextable' ><div class='av-flex-placeholder'><\/div><div class=\"flex_column av_one_fourth  flex_column_table_cell av-equal-height-column av-align-top av-zero-column-padding   \" style='border-radius:0px; '><section class=\"av_textblock_section\"  itemscope=\"itemscope\" itemtype=\"https:\/\/schema.org\/CreativeWork\" ><div class='avia_textblock '   itemprop=\"text\" ><p>Tradu\u00e7\u00e3o especializada em arquitetura, urbanismo e engenharia. Voc\u00ea pode contar com a ANT se precisar de tradu\u00e7\u00f5es para apresenta\u00e7\u00f5es oficiais, assuntos legais ou para difundir sua organiza\u00e7\u00e3o e suas conquistas.<\/p>\n<\/div><\/section><\/div><\/div><!--close column table wrapper. Autoclose: 1 --><div class='flex_column_table av-equal-height-column-flextable' ><div class='av-flex-placeholder'><\/div><div class=\"flex_column av_one_fourth  flex_column_table_cell av-equal-height-column av-align-top av-zero-column-padding   \" style='border-radius:0px; '><section class=\"av_textblock_section\"  itemscope=\"itemscope\" itemtype=\"https:\/\/schema.org\/CreativeWork\" ><div class='avia_textblock '   itemprop=\"text\" ><p>Esses s\u00e3o assuntos complexos; para traduzi-los, \u00e9 necess\u00e1rio entender de estilos, t\u00e9cnicas e processos, al\u00e9m dos c\u00f3digos e das normas. S\u00e3o especialidades unidas pelo espa\u00e7o e territ\u00f3rio, mas cada uma com suas abordagens, escalas e terminologia.<\/p>\n<\/div><\/section><\/div><\/div><!--close column table wrapper. Autoclose: 1 --><div class='flex_column_table av-equal-height-column-flextable' ><div class='av-flex-placeholder'><\/div><div class=\"flex_column av_one_fourth  flex_column_table_cell av-equal-height-column av-align-top av-zero-column-padding   \" style='border-radius:0px; '><section class=\"av_textblock_section\"  itemscope=\"itemscope\" itemtype=\"https:\/\/schema.org\/CreativeWork\" ><div class='avia_textblock '   itemprop=\"text\" ><p>No portal para clientes da ANT, voc\u00ea tem acesso a relat\u00f3rios e estat\u00edsticas dos seus projetos. Al\u00e9m disso, trabalhamos com voc\u00ea no gerenciamento da terminologia e dos manuais de estilo para a sua organiza\u00e7\u00e3o.<\/p>\n<\/div><\/section><\/div><\/div><!--close column table wrapper. Autoclose: 1 --><\/div><\/div><\/div><!-- close content main div --><\/div><\/div><div id='after_section_2' class='main_color av_default_container_wrap container_wrap sidebar_right'   ><div class='container' ><div class='template-page content  av-content-small alpha units'><div class='post-entry post-entry-type-page post-entry-1846'><div class='entry-content-wrapper clearfix'><\/div><\/div><\/div><!-- close content main div --><\/div><\/div><div id='av_section_3' class='avia-section main_color avia-section-default avia-no-border-styling av-parallax-section avia-bg-style-parallax  av-minimum-height av-minimum-height-custom container_wrap sidebar_right'  data-section-bg-repeat='no-repeat' ><div class='av-parallax' data-avia-parallax-ratio='0.3' ><div class='av-parallax-inner main_color  avia-full-stretch' style = 'background-repeat: no-repeat; background-image: url(https:\/\/ant-translation.com\/wp-content\/uploads\/2017\/12\/AT_slider_-arquitectura02.jpg); background-attachment: scroll; background-position: center center; ' ><\/div><\/div><div class='container' style='height:474px'><div class='template-page content  av-content-small alpha units'><div class='post-entry post-entry-type-page post-entry-1846'><div class='entry-content-wrapper clearfix'><\/div><\/div><\/div><!-- close content main div --><\/div><\/div><div id='after_section_3' class='main_color av_default_container_wrap container_wrap sidebar_right'   ><div class='container' ><div class='template-page content  av-content-small alpha units'><div class='post-entry post-entry-type-page post-entry-1846'><div class='entry-content-wrapper clearfix'><\/p>\n<\/div><\/div><\/div><!-- close content main div --><\/div><\/div><div id='av_section_4' class='avia-section main_color avia-section-large avia-no-shadow avia-bg-style-scroll  container_wrap sidebar_right' style = 'background-color: #f2f2f2; '  ><div class='container' ><div class='template-page content  av-content-small alpha units'><div class='post-entry post-entry-type-page post-entry-1846'><div class='entry-content-wrapper clearfix'>\n<div class='flex_column_table av-equal-height-column-flextable' ><div class=\"flex_column av_one_half  flex_column_table_cell av-equal-height-column av-align-bottom av-zero-column-padding first  \" style='border-radius:0px; '><p><div style='padding-bottom:10px;color:#185694;font-size:21px;' class='av-special-heading av-special-heading-h3 custom-color-heading blockquote modern-quote   av-inherit-size'><h3 class='av-special-heading-tag'  itemprop=\"headline\"  >Acabamentos de qualidade em todos os formatos<\/h3><div class='special-heading-border'><div class='special-heading-inner-border' style='border-color:#185694'><\/div><\/div><\/div><br \/>\n<div style=' margin-top:15px; margin-bottom:15px;'  class='hr hr-custom hr-center hr-icon-no '><span class='hr-inner   inner-border-av-border-fat' style=' width:100%; border-color:#00afec;' ><span class='hr-inner-style'><\/span><\/span><\/div><\/p><\/div><\/div><!--close column table wrapper. Autoclose: 1 --><div class='flex_column_table av-equal-height-column-flextable' ><div class='av-flex-placeholder'><\/div><div class=\"flex_column av_one_half  flex_column_table_cell av-equal-height-column av-align-bottom av-zero-column-padding   \" style='border-radius:0px; '><p><div style='padding-bottom:10px;color:#185694;font-size:21px;' class='av-special-heading av-special-heading-h3 custom-color-heading blockquote modern-quote   av-inherit-size'><h3 class='av-special-heading-tag'  itemprop=\"headline\"  >Entenda, conecte-se, conquiste<\/h3><div class='special-heading-border'><div class='special-heading-inner-border' style='border-color:#185694'><\/div><\/div><\/div><br \/>\n<div style=' margin-top:15px; margin-bottom:15px;'  class='hr hr-custom hr-center hr-icon-no '><span class='hr-inner   inner-border-av-border-fat' style=' width:100%; border-color:#33bff0;' ><span class='hr-inner-style'><\/span><\/span><\/div><\/p><\/div><\/div><!--close column table wrapper. Autoclose: 1 --><div class='flex_column_table av-equal-height-column-flextable' ><div class=\"flex_column av_one_half  flex_column_table_cell av-equal-height-column av-align-top av-zero-column-padding first  \" style='border-radius:0px; '><section class=\"av_textblock_section\"  itemscope=\"itemscope\" itemtype=\"https:\/\/schema.org\/CreativeWork\" ><div class='avia_textblock '   itemprop=\"text\" ><p>Leve sua obra ao mundo e traga o mundo \u00e0 sua parte, com a tradu\u00e7\u00e3o e a localiza\u00e7\u00e3o de:<\/p>\n<ul>\n<li>P\u00e1ginas web (WordPress, Drupal, etc.) e aplicativos<\/li>\n<li>Word, Excel, Power Point, InDesign, Autocad, etc.<\/li>\n<li>Concursos<\/li>\n<li>Publica\u00e7\u00f5es (revistas, folhetos, cat\u00e1logos, livros)<\/li>\n<li>Documenta\u00e7\u00e3o de obra, t\u00e9cnica e jur\u00eddica<\/li>\n<li>Regulamenta\u00e7\u00f5es<\/li>\n<li>Licita\u00e7\u00f5es<\/li>\n<li>Especifica\u00e7\u00f5es e designs<\/li>\n<li>Contratos<\/li>\n<li>Certifica\u00e7\u00f5es<\/li>\n<li>Cursos presenciais e \u00e0 dist\u00e2ncia (<em>e-learning<\/em>)<\/li>\n<li>Congressos e confer\u00eancias<\/li>\n<li>Pedidos de vistos e candidaturas para bolsas de estudo e pr\u00eamios<\/li>\n<\/ul>\n<\/div><\/section><\/div><\/div><!--close column table wrapper. Autoclose: 1 --><div class='flex_column_table av-equal-height-column-flextable' ><div class='av-flex-placeholder'><\/div><div class=\"flex_column av_one_half  flex_column_table_cell av-equal-height-column av-align-top av-zero-column-padding   \" style='border-radius:0px; '><section class=\"av_textblock_section\"  itemscope=\"itemscope\" itemtype=\"https:\/\/schema.org\/CreativeWork\" ><div class='avia_textblock '   itemprop=\"text\" ><p>Servi\u00e7os de tradu\u00e7\u00e3o profissional para:<\/p>\n<ul>\n<li>Universidades e equipes de pesquisa<\/li>\n<li>Escrit\u00f3rios de arquitetura e urbanismo<\/li>\n<li>Consultoras<\/li>\n<li>Editoriais<\/li>\n<li>Organismos de regulamenta\u00e7\u00e3o, governamentais e de certifica\u00e7\u00e3o<\/li>\n<li>Desenvolvedores imobili\u00e1rios<\/li>\n<li>Especialistas em bens de raiz e mercado imobili\u00e1rio<\/li>\n<li>Empresas construtoras<\/li>\n<li>Conselhos profissionais<\/li>\n<li>Museus<\/li>\n<\/ul>\n<\/div><\/section><\/div><\/div><!--close column table wrapper. Autoclose: 1 -->\n<\/div><\/div><\/div><!-- close content main div --><\/div><\/div><div id='after_section_4' class='main_color av_default_container_wrap container_wrap sidebar_right'   ><div class='container' ><div class='template-page content  av-content-small alpha units'><div class='post-entry post-entry-type-page post-entry-1846'><div class='entry-content-wrapper clearfix'>\n","protected":false},"excerpt":{"rendered":"","protected":false},"author":1,"featured_media":0,"parent":0,"menu_order":0,"comment_status":"closed","ping_status":"closed","template":"","meta":[],"yoast_head":"<!-- This site is optimized with the Yoast SEO plugin v20.3 - https:\/\/yoast.com\/wordpress\/plugins\/seo\/ -->\n<title>ARQUITETURA - Ant Translation<\/title>\n<meta name=\"robots\" content=\"index, follow, max-snippet:-1, max-image-preview:large, max-video-preview:-1\" \/>\n<link rel=\"canonical\" href=\"https:\/\/ant-translation.com\/pt-br\/arquitectura\/\" \/>\n<meta property=\"og:locale\" content=\"pt_BR\" \/>\n<meta property=\"og:type\" content=\"article\" \/>\n<meta property=\"og:title\" content=\"ARQUITETURA - Ant Translation\" \/>\n<meta property=\"og:url\" content=\"https:\/\/ant-translation.com\/pt-br\/arquitectura\/\" \/>\n<meta property=\"og:site_name\" content=\"Ant Translation\" \/>\n<meta property=\"article:modified_time\" content=\"2019-02-04T15:48:33+00:00\" \/>\n<meta name=\"twitter:card\" content=\"summary_large_image\" \/>\n<meta name=\"twitter:label1\" content=\"Est. tempo de leitura\" \/>\n\t<meta name=\"twitter:data1\" content=\"13 minutos\" \/>\n<script type=\"application\/ld+json\" class=\"yoast-schema-graph\">{\"@context\":\"https:\/\/schema.org\",\"@graph\":[{\"@type\":\"WebPage\",\"@id\":\"https:\/\/ant-translation.com\/pt-br\/arquitectura\/\",\"url\":\"https:\/\/ant-translation.com\/pt-br\/arquitectura\/\",\"name\":\"ARQUITETURA - Ant Translation\",\"isPartOf\":{\"@id\":\"https:\/\/ant-translation.com\/pt-br\/#website\"},\"datePublished\":\"2019-01-28T13:48:36+00:00\",\"dateModified\":\"2019-02-04T15:48:33+00:00\",\"breadcrumb\":{\"@id\":\"https:\/\/ant-translation.com\/pt-br\/arquitectura\/#breadcrumb\"},\"inLanguage\":\"pt-BR\",\"potentialAction\":[{\"@type\":\"ReadAction\",\"target\":[\"https:\/\/ant-translation.com\/pt-br\/arquitectura\/\"]}]},{\"@type\":\"BreadcrumbList\",\"@id\":\"https:\/\/ant-translation.com\/pt-br\/arquitectura\/#breadcrumb\",\"itemListElement\":[{\"@type\":\"ListItem\",\"position\":1,\"name\":\"Home\",\"item\":\"https:\/\/ant-translation.com\/pt-br\/\"},{\"@type\":\"ListItem\",\"position\":2,\"name\":\"ARQUITETURA\"}]},{\"@type\":\"WebSite\",\"@id\":\"https:\/\/ant-translation.com\/pt-br\/#website\",\"url\":\"https:\/\/ant-translation.com\/pt-br\/\",\"name\":\"Ant Translation\",\"description\":\"Traducci\u00f3n profesional para entender, conectar y lograr tus objetivos\",\"potentialAction\":[{\"@type\":\"SearchAction\",\"target\":{\"@type\":\"EntryPoint\",\"urlTemplate\":\"https:\/\/ant-translation.com\/pt-br\/?s={search_term_string}\"},\"query-input\":\"required name=search_term_string\"}],\"inLanguage\":\"pt-BR\"}]}<\/script>\n<!-- \/ Yoast SEO plugin. -->","yoast_head_json":{"title":"ARQUITETURA - Ant Translation","robots":{"index":"index","follow":"follow","max-snippet":"max-snippet:-1","max-image-preview":"max-image-preview:large","max-video-preview":"max-video-preview:-1"},"canonical":"https:\/\/ant-translation.com\/pt-br\/arquitectura\/","og_locale":"pt_BR","og_type":"article","og_title":"ARQUITETURA - Ant Translation","og_url":"https:\/\/ant-translation.com\/pt-br\/arquitectura\/","og_site_name":"Ant Translation","article_modified_time":"2019-02-04T15:48:33+00:00","twitter_card":"summary_large_image","twitter_misc":{"Est. tempo de leitura":"13 minutos"},"schema":{"@context":"https:\/\/schema.org","@graph":[{"@type":"WebPage","@id":"https:\/\/ant-translation.com\/pt-br\/arquitectura\/","url":"https:\/\/ant-translation.com\/pt-br\/arquitectura\/","name":"ARQUITETURA - Ant Translation","isPartOf":{"@id":"https:\/\/ant-translation.com\/pt-br\/#website"},"datePublished":"2019-01-28T13:48:36+00:00","dateModified":"2019-02-04T15:48:33+00:00","breadcrumb":{"@id":"https:\/\/ant-translation.com\/pt-br\/arquitectura\/#breadcrumb"},"inLanguage":"pt-BR","potentialAction":[{"@type":"ReadAction","target":["https:\/\/ant-translation.com\/pt-br\/arquitectura\/"]}]},{"@type":"BreadcrumbList","@id":"https:\/\/ant-translation.com\/pt-br\/arquitectura\/#breadcrumb","itemListElement":[{"@type":"ListItem","position":1,"name":"Home","item":"https:\/\/ant-translation.com\/pt-br\/"},{"@type":"ListItem","position":2,"name":"ARQUITETURA"}]},{"@type":"WebSite","@id":"https:\/\/ant-translation.com\/pt-br\/#website","url":"https:\/\/ant-translation.com\/pt-br\/","name":"Ant Translation","description":"Traducci\u00f3n profesional para entender, conectar y lograr tus objetivos","potentialAction":[{"@type":"SearchAction","target":{"@type":"EntryPoint","urlTemplate":"https:\/\/ant-translation.com\/pt-br\/?s={search_term_string}"},"query-input":"required name=search_term_string"}],"inLanguage":"pt-BR"}]}},"_links":{"self":[{"href":"https:\/\/ant-translation.com\/pt-br\/wp-json\/wp\/v2\/pages\/1846"}],"collection":[{"href":"https:\/\/ant-translation.com\/pt-br\/wp-json\/wp\/v2\/pages"}],"about":[{"href":"https:\/\/ant-translation.com\/pt-br\/wp-json\/wp\/v2\/types\/page"}],"author":[{"embeddable":true,"href":"https:\/\/ant-translation.com\/pt-br\/wp-json\/wp\/v2\/users\/1"}],"replies":[{"embeddable":true,"href":"https:\/\/ant-translation.com\/pt-br\/wp-json\/wp\/v2\/comments?post=1846"}],"version-history":[{"count":6,"href":"https:\/\/ant-translation.com\/pt-br\/wp-json\/wp\/v2\/pages\/1846\/revisions"}],"predecessor-version":[{"id":1924,"href":"https:\/\/ant-translation.com\/pt-br\/wp-json\/wp\/v2\/pages\/1846\/revisions\/1924"}],"wp:attachment":[{"href":"https:\/\/ant-translation.com\/pt-br\/wp-json\/wp\/v2\/media?parent=1846"}],"curies":[{"name":"wp","href":"https:\/\/api.w.org\/{rel}","templated":true}]}}