{"id":1831,"date":"2019-01-28T13:48:28","date_gmt":"2019-01-28T13:48:28","guid":{"rendered":"https:\/\/ant-translation.com\/presupuestos\/"},"modified":"2019-02-04T16:15:36","modified_gmt":"2019-02-04T16:15:36","slug":"presupuestos","status":"publish","type":"page","link":"https:\/\/ant-translation.com\/pt-br\/presupuestos\/","title":{"rendered":"OR\u00c7AMENTOS"},"content":{"rendered":"<\/div><\/div><\/div><!-- close content main div --><\/div><\/div><div id='full_slider_1' class='avia-fullwidth-slider main_color avia-shadow  container_wrap sidebar_right'   ><div  data-size='featured'  data-lightbox_size='large'  data-animation='slide_up'  data-ids='203'  data-video_counter='0'  data-autoplay='true'  data-bg_slider='false'  data-slide_height=''  data-handle='av_slideshow_full'  data-interval='5'  data-class=' '  data-css_id=''  data-scroll_down=''  data-control_layout='av-control-default'  data-custom_markup=''  data-perma_caption=''  data-autoplay_stopper=''  data-image_attachment=''  data-min_height='0px'  data-src=''  data-position='top left'  data-repeat='no-repeat'  data-attach='scroll'  data-stretch=''  data-default-height='28.666666666667'  class='avia-slideshow avia-slideshow-1  av-control-default av-default-height-applied avia-slideshow-featured av_slideshow_full   avia-slide_up-slider '  itemscope=\"itemscope\" itemtype=\"https:\/\/schema.org\/ImageObject\" ><ul class='avia-slideshow-inner' style='padding-bottom: 28.666666666667%;'><li  class=' av-single-slide slide-1 ' ><div data-rel='slideshow-1' class='avia-slide-wrap'  ><div class = \"caption_fullwidth av-slideshow-caption caption_left\"><div class = \"container caption_container\"><div class = \"slideshow_caption\"><div class = \"slideshow_inner_caption\"><div class = \"slideshow_align_caption\"><h2  style='font-size:40px; color:#ffffff; ' class='avia-caption-title'  itemprop=\"name\" >Or\u00e7amentos<\/h2><\/div><\/div><\/div><\/div><\/div><img src='https:\/\/ant-translation.com\/wp-content\/uploads\/2017\/04\/ant_translation_work_whit_us02-1500x430.jpg' width='1500' height='430' title='ant_translation_work_whit_us02' alt=''  itemprop=\"thumbnailUrl\"   \/><\/div><\/li><\/ul><\/div><\/div>\n<\/div><\/div><\/div><!-- close content main div --><\/div><\/div><div id='av_section_1' class='avia-section main_color avia-section-large avia-no-border-styling avia-bg-style-scroll  container_wrap sidebar_right' style = 'background-color: #f2f2f2; '  ><div class='container' ><div class='template-page content  av-content-small alpha units'><div class='post-entry post-entry-type-page post-entry-1831'><div class='entry-content-wrapper clearfix'>\n<div class='flex_column_table av-equal-height-column-flextable' ><div class=\"flex_column av_two_third  flex_column_table_cell av-equal-height-column av-align-middle av-zero-column-padding first  \" style='border-radius:0px; '><p><div style='padding-bottom:10px;color:#2474b5;font-size:24px;' class='av-special-heading av-special-heading-h3 custom-color-heading blockquote modern-quote   av-inherit-size'><h3 class='av-special-heading-tag'  itemprop=\"headline\"  >Consulte-nos pelo seu projeto<\/h3><div class='special-heading-border'><div class='special-heading-inner-border' style='border-color:#2474b5'><\/div><\/div><\/div><br \/>\n<div style=' margin-top:0px; margin-bottom:10px;'  class='hr hr-custom hr-left hr-icon-no '><span class='hr-inner   inner-border-av-border-thin' style=' width:50px;' ><span class='hr-inner-style'><\/span><\/span><\/div><br \/>\n<section class=\"av_textblock_section\"  itemscope=\"itemscope\" itemtype=\"https:\/\/schema.org\/CreativeWork\" ><div class='avia_textblock '   itemprop=\"text\" ><p>Entraremos em contato com voc\u00ea o mais cedo poss\u00edvel, para que tenha o servi\u00e7o que lhe for mais adequado. Para ganhar tempo, nos envie a seguinte informa\u00e7\u00e3o:<\/p>\n\n<div class=\"wpcf7 no-js\" id=\"wpcf7-f1929-o1\" lang=\"es-AR\" dir=\"ltr\">\n<div class=\"screen-reader-response\"><p role=\"status\" aria-live=\"polite\" aria-atomic=\"true\"><\/p> <ul><\/ul><\/div>\n<form action=\"\/pt-br\/wp-json\/wp\/v2\/pages\/1831#wpcf7-f1929-o1\" method=\"post\" class=\"wpcf7-form init\" aria-label=\"Formulario de contacto\" enctype=\"multipart\/form-data\" novalidate=\"novalidate\" data-status=\"init\">\n<div style=\"display: none;\">\n<input type=\"hidden\" name=\"_wpcf7\" value=\"1929\" \/>\n<input type=\"hidden\" name=\"_wpcf7_version\" value=\"5.7.4\" \/>\n<input type=\"hidden\" name=\"_wpcf7_locale\" value=\"es_AR\" \/>\n<input type=\"hidden\" name=\"_wpcf7_unit_tag\" value=\"wpcf7-f1929-o1\" \/>\n<input type=\"hidden\" name=\"_wpcf7_container_post\" value=\"0\" \/>\n<input type=\"hidden\" name=\"_wpcf7_posted_data_hash\" value=\"\" \/>\n<\/div>\n<p><span class=\"wpcf7-form-control-wrap\" data-name=\"nombre\"><input size=\"40\" class=\"wpcf7-form-control wpcf7-text wpcf7-validates-as-required\" aria-required=\"true\" aria-invalid=\"false\" placeholder=\"NOME E SOBRENOME\" value=\"\" type=\"text\" name=\"nombre\" \/><\/span>\n<\/p>\n<p><span class=\"wpcf7-form-control-wrap\" data-name=\"empresa\"><input size=\"40\" class=\"wpcf7-form-control wpcf7-text wpcf7-validates-as-required\" aria-required=\"true\" aria-invalid=\"false\" placeholder=\"NOME DA EMPRESA\" value=\"\" type=\"text\" name=\"empresa\" \/><\/span>\n<\/p>\n<p><span class=\"wpcf7-form-control-wrap\" data-name=\"telefono\"><input size=\"40\" class=\"wpcf7-form-control wpcf7-text wpcf7-tel wpcf7-validates-as-tel\" aria-invalid=\"false\" placeholder=\"TELEFONE\" value=\"\" type=\"tel\" name=\"telefono\" \/><\/span>\n<\/p>\n<p><span class=\"wpcf7-form-control-wrap\" data-name=\"email\"><input size=\"40\" class=\"wpcf7-form-control wpcf7-text wpcf7-email wpcf7-validates-as-required wpcf7-validates-as-email\" aria-required=\"true\" aria-invalid=\"false\" placeholder=\"E-MAIL\" value=\"\" type=\"email\" name=\"email\" \/><\/span>\n<\/p>\n<p><span class=\"wpcf7-form-control-wrap\" data-name=\"idioma-origen\"><input size=\"40\" class=\"wpcf7-form-control wpcf7-text wpcf7-validates-as-required\" aria-required=\"true\" aria-invalid=\"false\" placeholder=\"IDIOMA DE ORIGEM\" value=\"\" type=\"text\" name=\"idioma-origen\" \/><\/span>\n<\/p>\n<p><span class=\"wpcf7-form-control-wrap\" data-name=\"idioma-destino\"><input size=\"40\" class=\"wpcf7-form-control wpcf7-text wpcf7-validates-as-required\" aria-required=\"true\" aria-invalid=\"false\" placeholder=\"IDIOMA(S) DE DESTINO\" value=\"\" type=\"text\" name=\"idioma-destino\" \/><\/span>\n<\/p>\n<p>FECHA PREVISTA DE INICIO<br \/>\n<span class=\"wpcf7-form-control-wrap\" data-name=\"fecha-inicio\"><input class=\"wpcf7-form-control wpcf7-date wpcf7-validates-as-required wpcf7-validates-as-date\" aria-required=\"true\" aria-invalid=\"false\" placeholder=\"FECHA PREVISTA DE INICIO\" value=\"\" type=\"date\" name=\"fecha-inicio\" \/><\/span>\n<\/p>\n<p>DATA DESEJADA DE ENTREGA<br \/>\n<span class=\"wpcf7-form-control-wrap\" data-name=\"fecha-entrega\"><input class=\"wpcf7-form-control wpcf7-date wpcf7-validates-as-required wpcf7-validates-as-date\" aria-required=\"true\" aria-invalid=\"false\" placeholder=\"DATA DESEJADA DE ENTREGA\" value=\"\" type=\"date\" name=\"fecha-entrega\" \/><\/span>\n<\/p>\n<p>Se voc\u00ea tem que enviar v\u00e1rios documentos em anexo ou o formato n\u00e3o \u00e9 permitido, comprima-os em um \u00fanico arquivo zip. Se o tamanho for maior que 5 MB ou o arquivo for confidencial, avise-nos e lhe ofereceremos uma alternativa para envi\u00e1-lo.\n<\/p>\n<p><span class=\"wpcf7-form-control-wrap\" data-name=\"adjunto\"><input size=\"40\" class=\"wpcf7-form-control wpcf7-file\" accept=\".zip,.jpg,.pdf,.doc,.docx,.png,.xls,.xlsx,.ppt,.pptx,.rar,.txt\" aria-invalid=\"false\" type=\"file\" name=\"adjunto\" \/><\/span>\n<\/p>\n<p><span class=\"wpcf7-form-control-wrap\" data-name=\"mensaje\"><textarea cols=\"40\" rows=\"10\" class=\"wpcf7-form-control wpcf7-textarea wpcf7-validates-as-required\" aria-required=\"true\" aria-invalid=\"false\" placeholder=\"MENSAGEM\" name=\"mensaje\"><\/textarea><\/span>\n<\/p>\n<p><input class=\"wpcf7-form-control has-spinner wpcf7-submit\" type=\"submit\" value=\"ENVIAR\" \/>\n<\/p><input type=\"hidden\" id=\"ct_checkjs_cf7_ef0d3930a7b6c95bd2b32ed45989c61f\" name=\"ct_checkjs_cf7\" value=\"0\" \/><input \n        id=\"apbct__email_id__wp_contact_form_7_80249\" \n        class=\"apbct_special_field apbct__email_id__wp_contact_form_7\"\n        autocomplete=\"off\" \n        name=\"apbct__email_id__wp_contact_form_7_80249\"  \n        type=\"text\" \n        value=\"\" \n        size=\"30\" \n        maxlength=\"200\" \n    \/><input \n        id=\"apbct_event_id\"\n        class=\"apbct_special_field\"\n        name=\"apbct_event_id\"\n        type=\"hidden\" \n        value=\"80249\" \n            \/><div class=\"wpcf7-response-output\" aria-hidden=\"true\"><\/div>\n<\/form>\n<\/div>\n\n<\/div><\/section><\/p><\/div><\/div><!--close column table wrapper. Autoclose: 1 --><div class='flex_column_table av-equal-height-column-flextable' ><div class='av-flex-placeholder'><\/div><div class=\"flex_column av_one_third  flex_column_table_cell av-equal-height-column av-align-middle av-zero-column-padding   \" style='border-radius:0px; '><span class=\"av_font_icon avia_animate_when_visible av-icon-style-border  avia-icon-pos-center \" style=\"color:#2474b5; border-color:#2474b5;\"><a href='https:\/\/compasstranslation.s.xtrf.eu\/partners\/faces\/noLogin\/quote\/typeOfService.seam?action=create&amp;conversationId=1868'  target=\"_blank\"   class='av-icon-char' style='font-size:80px;line-height:80px;width:80px;' aria-hidden='true' data-av_icon='\ue802' data-av_iconfont='iconos-ant-2' ><\/a><\/span><\/div><\/div><!--close column table wrapper. Autoclose: 1 --><\/div><\/div><\/div><!-- close content main div --><\/div><\/div><div id='after_section_1' class='main_color av_default_container_wrap container_wrap sidebar_right'   ><div class='container' ><div class='template-page content  av-content-small alpha units'><div class='post-entry post-entry-type-page post-entry-1831'><div class='entry-content-wrapper clearfix'>\n","protected":false},"excerpt":{"rendered":"","protected":false},"author":1,"featured_media":0,"parent":0,"menu_order":0,"comment_status":"closed","ping_status":"closed","template":"","meta":[],"yoast_head":"<!-- This site is optimized with the Yoast SEO plugin v20.3 - https:\/\/yoast.com\/wordpress\/plugins\/seo\/ -->\n<title>OR\u00c7AMENTOS - Ant Translation<\/title>\n<meta name=\"robots\" content=\"index, follow, max-snippet:-1, max-image-preview:large, max-video-preview:-1\" \/>\n<link rel=\"canonical\" href=\"https:\/\/ant-translation.com\/pt-br\/presupuestos\/\" \/>\n<meta property=\"og:locale\" content=\"pt_BR\" \/>\n<meta property=\"og:type\" content=\"article\" \/>\n<meta property=\"og:title\" content=\"OR\u00c7AMENTOS - Ant Translation\" \/>\n<meta property=\"og:url\" content=\"https:\/\/ant-translation.com\/pt-br\/presupuestos\/\" \/>\n<meta property=\"og:site_name\" content=\"Ant Translation\" \/>\n<meta property=\"article:modified_time\" content=\"2019-02-04T16:15:36+00:00\" \/>\n<meta name=\"twitter:card\" content=\"summary_large_image\" \/>\n<meta name=\"twitter:label1\" content=\"Est. tempo de leitura\" \/>\n\t<meta name=\"twitter:data1\" content=\"3 minutos\" \/>\n<script type=\"application\/ld+json\" class=\"yoast-schema-graph\">{\"@context\":\"https:\/\/schema.org\",\"@graph\":[{\"@type\":\"WebPage\",\"@id\":\"https:\/\/ant-translation.com\/pt-br\/presupuestos\/\",\"url\":\"https:\/\/ant-translation.com\/pt-br\/presupuestos\/\",\"name\":\"OR\u00c7AMENTOS - Ant Translation\",\"isPartOf\":{\"@id\":\"https:\/\/ant-translation.com\/pt-br\/#website\"},\"datePublished\":\"2019-01-28T13:48:28+00:00\",\"dateModified\":\"2019-02-04T16:15:36+00:00\",\"breadcrumb\":{\"@id\":\"https:\/\/ant-translation.com\/pt-br\/presupuestos\/#breadcrumb\"},\"inLanguage\":\"pt-BR\",\"potentialAction\":[{\"@type\":\"ReadAction\",\"target\":[\"https:\/\/ant-translation.com\/pt-br\/presupuestos\/\"]}]},{\"@type\":\"BreadcrumbList\",\"@id\":\"https:\/\/ant-translation.com\/pt-br\/presupuestos\/#breadcrumb\",\"itemListElement\":[{\"@type\":\"ListItem\",\"position\":1,\"name\":\"Home\",\"item\":\"https:\/\/ant-translation.com\/pt-br\/\"},{\"@type\":\"ListItem\",\"position\":2,\"name\":\"OR\u00c7AMENTOS\"}]},{\"@type\":\"WebSite\",\"@id\":\"https:\/\/ant-translation.com\/pt-br\/#website\",\"url\":\"https:\/\/ant-translation.com\/pt-br\/\",\"name\":\"Ant Translation\",\"description\":\"Traducci\u00f3n profesional para entender, conectar y lograr tus objetivos\",\"potentialAction\":[{\"@type\":\"SearchAction\",\"target\":{\"@type\":\"EntryPoint\",\"urlTemplate\":\"https:\/\/ant-translation.com\/pt-br\/?s={search_term_string}\"},\"query-input\":\"required name=search_term_string\"}],\"inLanguage\":\"pt-BR\"}]}<\/script>\n<!-- \/ Yoast SEO plugin. -->","yoast_head_json":{"title":"OR\u00c7AMENTOS - Ant Translation","robots":{"index":"index","follow":"follow","max-snippet":"max-snippet:-1","max-image-preview":"max-image-preview:large","max-video-preview":"max-video-preview:-1"},"canonical":"https:\/\/ant-translation.com\/pt-br\/presupuestos\/","og_locale":"pt_BR","og_type":"article","og_title":"OR\u00c7AMENTOS - Ant Translation","og_url":"https:\/\/ant-translation.com\/pt-br\/presupuestos\/","og_site_name":"Ant Translation","article_modified_time":"2019-02-04T16:15:36+00:00","twitter_card":"summary_large_image","twitter_misc":{"Est. tempo de leitura":"3 minutos"},"schema":{"@context":"https:\/\/schema.org","@graph":[{"@type":"WebPage","@id":"https:\/\/ant-translation.com\/pt-br\/presupuestos\/","url":"https:\/\/ant-translation.com\/pt-br\/presupuestos\/","name":"OR\u00c7AMENTOS - Ant Translation","isPartOf":{"@id":"https:\/\/ant-translation.com\/pt-br\/#website"},"datePublished":"2019-01-28T13:48:28+00:00","dateModified":"2019-02-04T16:15:36+00:00","breadcrumb":{"@id":"https:\/\/ant-translation.com\/pt-br\/presupuestos\/#breadcrumb"},"inLanguage":"pt-BR","potentialAction":[{"@type":"ReadAction","target":["https:\/\/ant-translation.com\/pt-br\/presupuestos\/"]}]},{"@type":"BreadcrumbList","@id":"https:\/\/ant-translation.com\/pt-br\/presupuestos\/#breadcrumb","itemListElement":[{"@type":"ListItem","position":1,"name":"Home","item":"https:\/\/ant-translation.com\/pt-br\/"},{"@type":"ListItem","position":2,"name":"OR\u00c7AMENTOS"}]},{"@type":"WebSite","@id":"https:\/\/ant-translation.com\/pt-br\/#website","url":"https:\/\/ant-translation.com\/pt-br\/","name":"Ant Translation","description":"Traducci\u00f3n profesional para entender, conectar y lograr tus objetivos","potentialAction":[{"@type":"SearchAction","target":{"@type":"EntryPoint","urlTemplate":"https:\/\/ant-translation.com\/pt-br\/?s={search_term_string}"},"query-input":"required name=search_term_string"}],"inLanguage":"pt-BR"}]}},"_links":{"self":[{"href":"https:\/\/ant-translation.com\/pt-br\/wp-json\/wp\/v2\/pages\/1831"}],"collection":[{"href":"https:\/\/ant-translation.com\/pt-br\/wp-json\/wp\/v2\/pages"}],"about":[{"href":"https:\/\/ant-translation.com\/pt-br\/wp-json\/wp\/v2\/types\/page"}],"author":[{"embeddable":true,"href":"https:\/\/ant-translation.com\/pt-br\/wp-json\/wp\/v2\/users\/1"}],"replies":[{"embeddable":true,"href":"https:\/\/ant-translation.com\/pt-br\/wp-json\/wp\/v2\/comments?post=1831"}],"version-history":[{"count":7,"href":"https:\/\/ant-translation.com\/pt-br\/wp-json\/wp\/v2\/pages\/1831\/revisions"}],"predecessor-version":[{"id":1935,"href":"https:\/\/ant-translation.com\/pt-br\/wp-json\/wp\/v2\/pages\/1831\/revisions\/1935"}],"wp:attachment":[{"href":"https:\/\/ant-translation.com\/pt-br\/wp-json\/wp\/v2\/media?parent=1831"}],"curies":[{"name":"wp","href":"https:\/\/api.w.org\/{rel}","templated":true}]}}