{"id":1819,"date":"2019-01-28T13:48:21","date_gmt":"2019-01-28T13:48:21","guid":{"rendered":"https:\/\/ant-translation.com\/servicios__\/"},"modified":"2019-02-04T15:48:32","modified_gmt":"2019-02-04T15:48:32","slug":"servicios__","status":"publish","type":"page","link":"https:\/\/ant-translation.com\/pt-br\/servicios__\/","title":{"rendered":"SERVI\u00c7OS"},"content":{"rendered":"<\/div><\/div><\/div><!-- close content main div --><\/div><\/div><div id='full_slider_1' class='avia-fullwidth-slider main_color avia-shadow  container_wrap sidebar_right'   ><div  data-size='featured'  data-lightbox_size='large'  data-animation='slide_up'  data-ids='166'  data-video_counter='0'  data-autoplay='true'  data-bg_slider='false'  data-slide_height=''  data-handle='av_slideshow_full'  data-interval='5'  data-class=' '  data-css_id=''  data-scroll_down=''  data-control_layout='av-control-default'  data-custom_markup=''  data-perma_caption=''  data-autoplay_stopper=''  data-image_attachment=''  data-min_height='0px'  data-src=''  data-position='top left'  data-repeat='no-repeat'  data-attach='scroll'  data-stretch=''  data-default-height='28.666666666667'  class='avia-slideshow avia-slideshow-1  av-control-default av-default-height-applied avia-slideshow-featured av_slideshow_full   avia-slide_up-slider '  itemscope=\"itemscope\" itemtype=\"https:\/\/schema.org\/ImageObject\" ><ul class='avia-slideshow-inner' style='padding-bottom: 28.666666666667%;'><li  class=' av-single-slide slide-1 ' ><div data-rel='slideshow-1' class='avia-slide-wrap'  ><div class = \"caption_fullwidth av-slideshow-caption caption_left\"><div class = \"container caption_container\"><div class = \"slideshow_caption\"><div class = \"slideshow_inner_caption\"><div class = \"slideshow_align_caption\"><h2  style='font-size:40px; ' class='avia-caption-title'  itemprop=\"name\" >SERVI\u00c7OS<\/h2><\/div><\/div><\/div><\/div><\/div><img src='https:\/\/ant-translation.com\/wp-content\/uploads\/2017\/04\/ant_translation_servicios05-1500x430.jpg' width='1500' height='430' title='ant_translation_servicios05' alt=''  itemprop=\"thumbnailUrl\"   \/><div class='av-section-color-overlay' style='opacity: 0.8; background-color: #185694; '><\/div><\/div><\/li><\/ul><\/div><\/div>\n<\/div><\/div><\/div><!-- close content main div --><\/div><\/div><div id='av_section_1' class='avia-section main_color avia-section-large avia-no-border-styling avia-bg-style-scroll  container_wrap sidebar_right' style = 'background-color: #f2f2f2; '  ><div class='container' ><div class='template-page content  av-content-small alpha units'><div class='post-entry post-entry-type-page post-entry-1819'><div class='entry-content-wrapper clearfix'>\n<div class='flex_column_table av-equal-height-column-flextable' ><div class=\"flex_column av_one_third  flex_column_table_cell av-equal-height-column av-align-top av-zero-column-padding first  \" style='border-radius:0px; '><div style='padding-bottom:10px;color:#185694;font-size:24px;' class='av-special-heading av-special-heading-h3 custom-color-heading blockquote modern-quote   av-inherit-size'><h3 class='av-special-heading-tag'  itemprop=\"headline\"  >Quais s\u00e3o os servi\u00e7os que preciso?<\/h3><div class='special-heading-border'><div class='special-heading-inner-border' style='border-color:#185694'><\/div><\/div><\/div><\/div><\/div><!--close column table wrapper. Autoclose: 1 --><div class='flex_column_table av-equal-height-column-flextable' ><div class='av-flex-placeholder'><\/div><div class=\"flex_column av_two_third  flex_column_table_cell av-equal-height-column av-align-top av-zero-column-padding   \" style='border-radius:0px; '><section class=\"av_textblock_section\"  itemscope=\"itemscope\" itemtype=\"https:\/\/schema.org\/CreativeWork\" ><div class='avia_textblock '   itemprop=\"text\" ><p>Os projetos de tradu\u00e7\u00e3o podem incluir diferentes etapas; a seguir, explicamos as mais frequentes, de acordo com a ISO 17100 (requisitos para servi\u00e7os de tradu\u00e7\u00e3o).<\/p>\n<p>Sempre o assessoramos, para que voc\u00ea tenha os servi\u00e7os que melhor lhe conv\u00eam, dentro do seu or\u00e7amento e que possa implement\u00e1-los da maneira mais eficiente poss\u00edvel (por exemplo, para que a terminologia na documenta\u00e7\u00e3o de um sistema de computador corresponda \u00e0s tradu\u00e7\u00f5es escolhidas para os menus).<\/p>\n<\/div><\/section><\/div><\/div><!--close column table wrapper. Autoclose: 1 -->\n<\/div><\/div><\/div><!-- close content main div --><\/div><\/div><div id='after_section_1' class='main_color av_default_container_wrap container_wrap sidebar_right'   ><div class='container' ><div class='template-page content  av-content-small alpha units'><div class='post-entry post-entry-type-page post-entry-1819'><div class='entry-content-wrapper clearfix'>\n<\/div><\/div><\/div><!-- close content main div --><\/div><\/div><div id='av_section_2' class='avia-section main_color avia-section-large avia-no-border-styling avia-bg-style-scroll  container_wrap sidebar_right'   ><div class='container' ><div class='template-page content  av-content-small alpha units'><div class='post-entry post-entry-type-page post-entry-1819'><div class='entry-content-wrapper clearfix'>\n<div class='flex_column_table av-equal-height-column-flextable' ><div class=\"flex_column av_one_third  flex_column_table_cell av-equal-height-column av-align-bottom av-zero-column-padding first  \" style='border-radius:0px; '><p><div style='padding-bottom:10px;color:#185694;font-size:21px;' class='av-special-heading av-special-heading-h3 custom-color-heading blockquote modern-quote   av-inherit-size'><h3 class='av-special-heading-tag'  itemprop=\"headline\"  >Tradu\u00e7\u00e3o<\/h3><div class='special-heading-border'><div class='special-heading-inner-border' style='border-color:#185694'><\/div><\/div><\/div><br \/>\n<div style=' margin-top:15px; margin-bottom:15px;'  class='hr hr-custom hr-center hr-icon-no '><span class='hr-inner   inner-border-av-border-fat' style=' width:100%; border-color:#185694;' ><span class='hr-inner-style'><\/span><\/span><\/div><\/p><\/div><\/div><!--close column table wrapper. Autoclose: 1 --><div class='flex_column_table av-equal-height-column-flextable' ><div class='av-flex-placeholder'><\/div><div class=\"flex_column av_one_third  flex_column_table_cell av-equal-height-column av-align-bottom av-zero-column-padding   \" style='border-radius:0px; '><p><div style='padding-bottom:10px;color:#185694;font-size:21px;' class='av-special-heading av-special-heading-h3 custom-color-heading blockquote modern-quote   av-inherit-size'><h3 class='av-special-heading-tag'  itemprop=\"headline\"  >Edi\u00e7\u00e3o bilingue<\/h3><div class='special-heading-border'><div class='special-heading-inner-border' style='border-color:#185694'><\/div><\/div><\/div><br \/>\n<div style=' margin-top:15px; margin-bottom:15px;'  class='hr hr-custom hr-center hr-icon-no '><span class='hr-inner   inner-border-av-border-fat' style=' width:100%; border-color:#3373a8;' ><span class='hr-inner-style'><\/span><\/span><\/div><\/p><\/div><\/div><!--close column table wrapper. Autoclose: 1 --><div class='flex_column_table av-equal-height-column-flextable' ><div class='av-flex-placeholder'><\/div><div class=\"flex_column av_one_third  flex_column_table_cell av-equal-height-column av-align-bottom av-zero-column-padding   \" style='border-radius:0px; '><p><div style='padding-bottom:10px;color:#185694;font-size:21px;' class='av-special-heading av-special-heading-h3 custom-color-heading blockquote modern-quote   av-inherit-size'><h3 class='av-special-heading-tag'  itemprop=\"headline\"  >Revis\u00e3o monol\u00edngue<\/h3><div class='special-heading-border'><div class='special-heading-inner-border' style='border-color:#185694'><\/div><\/div><\/div><br \/>\n<div style=' margin-top:15px; margin-bottom:15px;'  class='hr hr-custom hr-center hr-icon-no '><span class='hr-inner   inner-border-av-border-fat' style=' width:100%; border-color:#64a5cc;' ><span class='hr-inner-style'><\/span><\/span><\/div><\/p><\/div><\/div><!--close column table wrapper. Autoclose: 1 --><div class='flex_column_table av-equal-height-column-flextable' ><div class=\"flex_column av_one_third  flex_column_table_cell av-equal-height-column av-align-top av-zero-column-padding first  \" style='border-radius:0px; '><section class=\"av_textblock_section\"  itemscope=\"itemscope\" itemtype=\"https:\/\/schema.org\/CreativeWork\" ><div class='avia_textblock '   itemprop=\"text\" ><p>Trata-se de reproduzir o texto (escrito) original nos idiomas de destino. Deve considerar tanto a terminologia como o estilo e a cultura de destino, para transmitir a informa\u00e7\u00e3o de modo a que os leitores possam utiliz\u00e1-la com o maior proveito poss\u00edvel.<\/p>\n<\/div><\/section><\/div><\/div><!--close column table wrapper. Autoclose: 1 --><div class='flex_column_table av-equal-height-column-flextable' ><div class='av-flex-placeholder'><\/div><div class=\"flex_column av_one_third  flex_column_table_cell av-equal-height-column av-align-top av-zero-column-padding   \" style='border-radius:0px; '><section class=\"av_textblock_section\"  itemscope=\"itemscope\" itemtype=\"https:\/\/schema.org\/CreativeWork\" ><div class='avia_textblock '   itemprop=\"text\" ><p>\u00c9 cotejar a tradu\u00e7\u00e3o, comparando-a com o texto original (para corrigi-la e melhor\u00e1-la). Nesta etapa se verifica se a mensagem transmitida est\u00e1 correta e a terminologia e a estrutura do texto s\u00e3o revisadas com a aten\u00e7\u00e3o focada em cada senten\u00e7a ou em cada par\u00e1grafo.<\/p>\n<\/div><\/section><\/div><\/div><!--close column table wrapper. Autoclose: 1 --><div class='flex_column_table av-equal-height-column-flextable' ><div class='av-flex-placeholder'><\/div><div class=\"flex_column av_one_third  flex_column_table_cell av-equal-height-column av-align-top av-zero-column-padding   \" style='border-radius:0px; '><section class=\"av_textblock_section\"  itemscope=\"itemscope\" itemtype=\"https:\/\/schema.org\/CreativeWork\" ><div class='avia_textblock '   itemprop=\"text\" ><p>Tamb\u00e9m chamada de corre\u00e7\u00e3o de conceito. \u00c9 corrigir e melhorar o texto nos idiomas de destino, sem compar\u00e1-los com o texto original. N\u00e3o ter que voltar ao texto original permite focar melhor em quest\u00f5es gramaticais, sint\u00e1ticas e de fluxo e coer\u00eancia do texto em seu conjunto.<\/p>\n<\/div><\/section><\/div><\/div><!--close column table wrapper. Autoclose: 1 -->\n<\/div><\/div><\/div><!-- close content main div --><\/div><\/div><div id='after_section_2' class='main_color av_default_container_wrap container_wrap sidebar_right'   ><div class='container' ><div class='template-page content  av-content-small alpha units'><div class='post-entry post-entry-type-page post-entry-1819'><div class='entry-content-wrapper clearfix'>\n<\/div><\/div><\/div><!-- close content main div --><\/div><\/div><div id='av_section_3' class='avia-section main_color avia-section-large avia-no-shadow avia-bg-style-scroll  container_wrap sidebar_right'   ><div class='container' ><div class='template-page content  av-content-small alpha units'><div class='post-entry post-entry-type-page post-entry-1819'><div class='entry-content-wrapper clearfix'>\n<div class='flex_column_table av-equal-height-column-flextable' ><div class=\"flex_column av_one_third  flex_column_table_cell av-equal-height-column av-align-bottom av-zero-column-padding first  \" style='border-radius:0px; '><p><div style='padding-bottom:10px;color:#185694;font-size:21px;' class='av-special-heading av-special-heading-h3 custom-color-heading blockquote modern-quote   av-inherit-size'><h3 class='av-special-heading-tag'  itemprop=\"headline\"  >Maquetiza\u00e7\u00e3o<\/h3><div class='special-heading-border'><div class='special-heading-inner-border' style='border-color:#185694'><\/div><\/div><\/div><br \/>\n<div style=' margin-top:15px; margin-bottom:15px;'  class='hr hr-custom hr-center hr-icon-no '><span class='hr-inner   inner-border-av-border-fat' style=' width:100%; border-color:#185694;' ><span class='hr-inner-style'><\/span><\/span><\/div><\/p><\/div><\/div><!--close column table wrapper. Autoclose: 1 --><div class='flex_column_table av-equal-height-column-flextable' ><div class='av-flex-placeholder'><\/div><div class=\"flex_column av_one_third  flex_column_table_cell av-equal-height-column av-align-bottom av-zero-column-padding   \" style='border-radius:0px; '><p><div style='padding-bottom:10px;color:#185694;font-size:21px;' class='av-special-heading av-special-heading-h3 custom-color-heading blockquote modern-quote   av-inherit-size'><h3 class='av-special-heading-tag'  itemprop=\"headline\"  >Legendagem<\/h3><div class='special-heading-border'><div class='special-heading-inner-border' style='border-color:#185694'><\/div><\/div><\/div><br \/>\n<div style=' margin-top:15px; margin-bottom:15px;'  class='hr hr-custom hr-center hr-icon-no '><span class='hr-inner   inner-border-av-border-fat' style=' width:100%; border-color:#3373a8;' ><span class='hr-inner-style'><\/span><\/span><\/div><\/p><\/div><\/div><!--close column table wrapper. Autoclose: 1 --><div class='flex_column_table av-equal-height-column-flextable' ><div class='av-flex-placeholder'><\/div><div class=\"flex_column av_one_third  flex_column_table_cell av-equal-height-column av-align-bottom av-zero-column-padding   \" style='border-radius:0px; '><p><div style='padding-bottom:10px;color:#185694;font-size:21px;' class='av-special-heading av-special-heading-h3 custom-color-heading blockquote modern-quote   av-inherit-size'><h3 class='av-special-heading-tag'  itemprop=\"headline\"  >Transcri\u00e7\u00e3o<\/h3><div class='special-heading-border'><div class='special-heading-inner-border' style='border-color:#185694'><\/div><\/div><\/div><br \/>\n<div style=' margin-top:15px; margin-bottom:15px;'  class='hr hr-custom hr-center hr-icon-no '><span class='hr-inner   inner-border-av-border-fat' style=' width:100%; border-color:#64a5cc;' ><span class='hr-inner-style'><\/span><\/span><\/div><\/p><\/div><\/div><!--close column table wrapper. Autoclose: 1 --><div class='flex_column_table av-equal-height-column-flextable' ><div class=\"flex_column av_one_third  flex_column_table_cell av-equal-height-column av-align-top av-zero-column-padding first  \" style='border-radius:0px; '><section class=\"av_textblock_section\"  itemscope=\"itemscope\" itemtype=\"https:\/\/schema.org\/CreativeWork\" ><div class='avia_textblock '   itemprop=\"text\" ><p>\u00c9 solucionar desajustes ao longo e na orienta\u00e7\u00e3o dos textos. Por exemplo, se um idioma exige mais espa\u00e7o para dizer a mesma coisa, se \u00e9 necess\u00e1rio mudar os tipos de letras para poder utilizar outros alfabetos ou caracteres especiais, tais como acentos, se \u00e9 necess\u00e1rio determinar que certas cores ou formas possam resultar ofensivos ou ineficazes em outras culturas, etc.<\/p>\n<\/div><\/section><\/div><\/div><!--close column table wrapper. Autoclose: 1 --><div class='flex_column_table av-equal-height-column-flextable' ><div class='av-flex-placeholder'><\/div><div class=\"flex_column av_one_third  flex_column_table_cell av-equal-height-column av-align-top av-zero-column-padding   \" style='border-radius:0px; '><section class=\"av_textblock_section\"  itemscope=\"itemscope\" itemtype=\"https:\/\/schema.org\/CreativeWork\" ><div class='avia_textblock '   itemprop=\"text\" ><p>\u00c9 criar uma vers\u00e3o escrita dos di\u00e1logos de um filme ou v\u00eddeo e codificar o tempo de visualiza\u00e7\u00e3o para que as legendas apare\u00e7am no momento indicado e durante o tempo necess\u00e1rio para permitir sua leitura. \u00c0s vezes, implica em primeiro transcrever os textos para poder traduzi-los.<\/p>\n<\/div><\/section><\/div><\/div><!--close column table wrapper. Autoclose: 1 --><div class='flex_column_table av-equal-height-column-flextable' ><div class='av-flex-placeholder'><\/div><div class=\"flex_column av_one_third  flex_column_table_cell av-equal-height-column av-align-top av-zero-column-padding   \" style='border-radius:0px; '><section class=\"av_textblock_section\"  itemscope=\"itemscope\" itemtype=\"https:\/\/schema.org\/CreativeWork\" ><div class='avia_textblock '   itemprop=\"text\" ><p>\u00c9 criar uma vers\u00e3o escrita a partir de uma grava\u00e7\u00e3o de \u00e1udio ou v\u00eddeo. Convertemos em texto suas entrevistas, grava\u00e7\u00f5es de grupos para pesquisas de mercado (<em>focus groups<\/em>), notas de \u00e1udio, mensagens de voz, etc. A partir dessa c\u00f3pia escrita, \u00e9 poss\u00edvel realizar tradu\u00e7\u00f5es a outros idiomas e gerar as legendas.<\/p>\n<\/div><\/section><\/div><\/div><!--close column table wrapper. Autoclose: 1 --><\/div><\/div><\/div><!-- close content main div --><\/div><\/div><div id='after_section_3' class='main_color av_default_container_wrap container_wrap sidebar_right'   ><div class='container' ><div class='template-page content  av-content-small alpha units'><div class='post-entry post-entry-type-page post-entry-1819'><div class='entry-content-wrapper clearfix'>\n","protected":false},"excerpt":{"rendered":"","protected":false},"author":1,"featured_media":0,"parent":0,"menu_order":0,"comment_status":"closed","ping_status":"closed","template":"","meta":[],"yoast_head":"<!-- This site is optimized with the Yoast SEO plugin v20.3 - https:\/\/yoast.com\/wordpress\/plugins\/seo\/ -->\n<title>SERVI\u00c7OS - Ant Translation<\/title>\n<meta name=\"robots\" content=\"index, follow, max-snippet:-1, max-image-preview:large, max-video-preview:-1\" \/>\n<link rel=\"canonical\" href=\"https:\/\/ant-translation.com\/pt-br\/servicios__\/\" \/>\n<meta property=\"og:locale\" content=\"pt_BR\" \/>\n<meta property=\"og:type\" content=\"article\" \/>\n<meta property=\"og:title\" content=\"SERVI\u00c7OS - Ant Translation\" \/>\n<meta property=\"og:url\" content=\"https:\/\/ant-translation.com\/pt-br\/servicios__\/\" \/>\n<meta property=\"og:site_name\" content=\"Ant Translation\" \/>\n<meta property=\"article:modified_time\" content=\"2019-02-04T15:48:32+00:00\" \/>\n<meta name=\"twitter:card\" content=\"summary_large_image\" \/>\n<meta name=\"twitter:label1\" content=\"Est. tempo de leitura\" \/>\n\t<meta name=\"twitter:data1\" content=\"12 minutos\" \/>\n<script type=\"application\/ld+json\" class=\"yoast-schema-graph\">{\"@context\":\"https:\/\/schema.org\",\"@graph\":[{\"@type\":\"WebPage\",\"@id\":\"https:\/\/ant-translation.com\/pt-br\/servicios__\/\",\"url\":\"https:\/\/ant-translation.com\/pt-br\/servicios__\/\",\"name\":\"SERVI\u00c7OS - Ant Translation\",\"isPartOf\":{\"@id\":\"https:\/\/ant-translation.com\/pt-br\/#website\"},\"datePublished\":\"2019-01-28T13:48:21+00:00\",\"dateModified\":\"2019-02-04T15:48:32+00:00\",\"breadcrumb\":{\"@id\":\"https:\/\/ant-translation.com\/pt-br\/servicios__\/#breadcrumb\"},\"inLanguage\":\"pt-BR\",\"potentialAction\":[{\"@type\":\"ReadAction\",\"target\":[\"https:\/\/ant-translation.com\/pt-br\/servicios__\/\"]}]},{\"@type\":\"BreadcrumbList\",\"@id\":\"https:\/\/ant-translation.com\/pt-br\/servicios__\/#breadcrumb\",\"itemListElement\":[{\"@type\":\"ListItem\",\"position\":1,\"name\":\"Home\",\"item\":\"https:\/\/ant-translation.com\/pt-br\/\"},{\"@type\":\"ListItem\",\"position\":2,\"name\":\"SERVI\u00c7OS\"}]},{\"@type\":\"WebSite\",\"@id\":\"https:\/\/ant-translation.com\/pt-br\/#website\",\"url\":\"https:\/\/ant-translation.com\/pt-br\/\",\"name\":\"Ant Translation\",\"description\":\"Traducci\u00f3n profesional para entender, conectar y lograr tus objetivos\",\"potentialAction\":[{\"@type\":\"SearchAction\",\"target\":{\"@type\":\"EntryPoint\",\"urlTemplate\":\"https:\/\/ant-translation.com\/pt-br\/?s={search_term_string}\"},\"query-input\":\"required name=search_term_string\"}],\"inLanguage\":\"pt-BR\"}]}<\/script>\n<!-- \/ Yoast SEO plugin. -->","yoast_head_json":{"title":"SERVI\u00c7OS - Ant Translation","robots":{"index":"index","follow":"follow","max-snippet":"max-snippet:-1","max-image-preview":"max-image-preview:large","max-video-preview":"max-video-preview:-1"},"canonical":"https:\/\/ant-translation.com\/pt-br\/servicios__\/","og_locale":"pt_BR","og_type":"article","og_title":"SERVI\u00c7OS - Ant Translation","og_url":"https:\/\/ant-translation.com\/pt-br\/servicios__\/","og_site_name":"Ant Translation","article_modified_time":"2019-02-04T15:48:32+00:00","twitter_card":"summary_large_image","twitter_misc":{"Est. tempo de leitura":"12 minutos"},"schema":{"@context":"https:\/\/schema.org","@graph":[{"@type":"WebPage","@id":"https:\/\/ant-translation.com\/pt-br\/servicios__\/","url":"https:\/\/ant-translation.com\/pt-br\/servicios__\/","name":"SERVI\u00c7OS - Ant Translation","isPartOf":{"@id":"https:\/\/ant-translation.com\/pt-br\/#website"},"datePublished":"2019-01-28T13:48:21+00:00","dateModified":"2019-02-04T15:48:32+00:00","breadcrumb":{"@id":"https:\/\/ant-translation.com\/pt-br\/servicios__\/#breadcrumb"},"inLanguage":"pt-BR","potentialAction":[{"@type":"ReadAction","target":["https:\/\/ant-translation.com\/pt-br\/servicios__\/"]}]},{"@type":"BreadcrumbList","@id":"https:\/\/ant-translation.com\/pt-br\/servicios__\/#breadcrumb","itemListElement":[{"@type":"ListItem","position":1,"name":"Home","item":"https:\/\/ant-translation.com\/pt-br\/"},{"@type":"ListItem","position":2,"name":"SERVI\u00c7OS"}]},{"@type":"WebSite","@id":"https:\/\/ant-translation.com\/pt-br\/#website","url":"https:\/\/ant-translation.com\/pt-br\/","name":"Ant Translation","description":"Traducci\u00f3n profesional para entender, conectar y lograr tus objetivos","potentialAction":[{"@type":"SearchAction","target":{"@type":"EntryPoint","urlTemplate":"https:\/\/ant-translation.com\/pt-br\/?s={search_term_string}"},"query-input":"required name=search_term_string"}],"inLanguage":"pt-BR"}]}},"_links":{"self":[{"href":"https:\/\/ant-translation.com\/pt-br\/wp-json\/wp\/v2\/pages\/1819"}],"collection":[{"href":"https:\/\/ant-translation.com\/pt-br\/wp-json\/wp\/v2\/pages"}],"about":[{"href":"https:\/\/ant-translation.com\/pt-br\/wp-json\/wp\/v2\/types\/page"}],"author":[{"embeddable":true,"href":"https:\/\/ant-translation.com\/pt-br\/wp-json\/wp\/v2\/users\/1"}],"replies":[{"embeddable":true,"href":"https:\/\/ant-translation.com\/pt-br\/wp-json\/wp\/v2\/comments?post=1819"}],"version-history":[{"count":5,"href":"https:\/\/ant-translation.com\/pt-br\/wp-json\/wp\/v2\/pages\/1819\/revisions"}],"predecessor-version":[{"id":1914,"href":"https:\/\/ant-translation.com\/pt-br\/wp-json\/wp\/v2\/pages\/1819\/revisions\/1914"}],"wp:attachment":[{"href":"https:\/\/ant-translation.com\/pt-br\/wp-json\/wp\/v2\/media?parent=1819"}],"curies":[{"name":"wp","href":"https:\/\/api.w.org\/{rel}","templated":true}]}}