{"id":1689,"date":"2019-01-14T18:51:28","date_gmt":"2019-01-14T18:51:28","guid":{"rendered":"https:\/\/ant-translation.com\/legales\/"},"modified":"2019-01-14T18:59:39","modified_gmt":"2019-01-14T18:59:39","slug":"legales","status":"publish","type":"page","link":"https:\/\/ant-translation.com\/es-US\/legales\/","title":{"rendered":"LEGALES"},"content":{"rendered":"<\/div><\/div><\/div><!-- close content main div --><\/div><\/div><div id='full_slider_1' class='avia-fullwidth-slider main_color avia-shadow  container_wrap sidebar_right'   ><div  data-size='featured'  data-lightbox_size='large'  data-animation='slide_up'  data-ids='1337'  data-video_counter='0'  data-autoplay='true'  data-bg_slider='false'  data-slide_height=''  data-handle='av_slideshow_full'  data-interval='5'  data-class=' '  data-css_id=''  data-scroll_down=''  data-control_layout='av-control-default'  data-custom_markup=''  data-perma_caption=''  data-autoplay_stopper=''  data-image_attachment=''  data-min_height='0px'  data-src=''  data-position='top left'  data-repeat='no-repeat'  data-attach='scroll'  data-stretch=''  data-default-height='28.666666666667'  class='avia-slideshow avia-slideshow-1  av-control-default av-default-height-applied avia-slideshow-featured av_slideshow_full   avia-slide_up-slider '  itemscope=\"itemscope\" itemtype=\"https:\/\/schema.org\/ImageObject\" ><ul class='avia-slideshow-inner' style='padding-bottom: 28.666666666667%;'><li  class=' av-single-slide slide-1 ' ><div data-rel='slideshow-1' class='avia-slide-wrap'  ><div class = \"caption_fullwidth av-slideshow-caption caption_left\"><div class = \"container caption_container\"><div class = \"slideshow_caption\"><div class = \"slideshow_inner_caption\"><div class = \"slideshow_align_caption\"><h2  style='font-size:40px; ' class='avia-caption-title'  itemprop=\"name\" >LEGALES<\/h2><\/div><\/div><\/div><\/div><\/div><img src='https:\/\/ant-translation.com\/wp-content\/uploads\/2018\/12\/AT_slider_Legales-1500x430.jpg' width='1500' height='430' title='AT_slider_Legales' alt=''  itemprop=\"thumbnailUrl\"   \/><div class='av-section-color-overlay' style='opacity: 0.8; background-color: #8c0052; '><\/div><\/div><\/li><\/ul><\/div><\/div>\n<\/div><\/div><\/div><!-- close content main div --><\/div><\/div><div id='av_section_1' class='avia-section main_color avia-section-large avia-no-border-styling avia-bg-style-scroll  container_wrap sidebar_right' style = 'background-color: #f2f2f2; '  ><div class='container' ><div class='template-page content  av-content-small alpha units'><div class='post-entry post-entry-type-page post-entry-1689'><div class='entry-content-wrapper clearfix'>\n<div class='flex_column_table av-equal-height-column-flextable' ><div class=\"flex_column av_one_third  flex_column_table_cell av-equal-height-column av-align-top av-zero-column-padding first  \" style='border-radius:0px; '><p><div style='padding-bottom:10px;color:#8c0052;font-size:24px;' class='av-special-heading av-special-heading-h3 custom-color-heading blockquote modern-quote  av-inherit-size'><h3 class='av-special-heading-tag'  itemprop=\"headline\"  >Traducci\u00f3n de documentos legales<\/h3><div class='special-heading-border'><div class='special-heading-inner-border' style='border-color:#8c0052'><\/div><\/div><\/div><br \/>\n<div style='height:20px' class='hr hr-invisible '><span class='hr-inner ' ><span class='hr-inner-style'><\/span><\/span><\/div><br \/>\n<div class='avia-image-container  av-styling-   avia-align-left '  itemscope=\"itemscope\" itemtype=\"https:\/\/schema.org\/ImageObject\"  ><div class='avia-image-container-inner'><img class='avia_image ' src='https:\/\/ant-translation.com\/wp-content\/uploads\/2017\/12\/logos-ISO.jpg' alt='' title='logos-ISO'   itemprop=\"thumbnailUrl\"  \/><\/div><\/div><\/p><\/div><\/div><!--close column table wrapper. Autoclose: 1 --><div class='flex_column_table av-equal-height-column-flextable' ><div class='av-flex-placeholder'><\/div><div class=\"flex_column av_two_third  flex_column_table_cell av-equal-height-column av-align-top av-zero-column-padding   \" style='border-radius:0px; '><p><section class=\"av_textblock_section\"  itemscope=\"itemscope\" itemtype=\"https:\/\/schema.org\/CreativeWork\" ><div class='avia_textblock '   itemprop=\"text\" ><p>La traducci\u00f3n legal es compleja porque los sistemas legales var\u00edan seg\u00fan las culturas. Por ejemplo, hay conceptos en el sistema de derecho anglosaj\u00f3n (<em>common law<\/em>) sin equivalentes en el derecho continental (<em>civil law<\/em>) o el derecho isl\u00e1mico. Adem\u00e1s, la tradici\u00f3n legal puede haber desarrollado expresiones diferentes para los mismos conceptos en distintos pa\u00edses.<\/p>\n<p>As\u00ed, para garantizar la protecci\u00f3n y seguridad legal a trav\u00e9s de las fronteras se deben conocer no solo los idiomas de origen y destino, sino tambi\u00e9n los sistemas legales y los matices correspondientes a cada cultura.<\/p>\n<p>La terminolog\u00eda jur\u00eddica y el estilo legal son extremadamente espec\u00edficos y los traductores profesionales necesitan a\u00f1os para especializarse en estos temas. Para las traducciones legales, en Ant solo trabajamos con traductores profesionales y especialistas en derecho (abogados y asistentes legales) para garantizar la precisi\u00f3n de tus textos.<\/p>\n<p>En los proyectos que incluyen cientos o miles de p\u00e1ginas y tiempos ajustados no solo contamos con equipos de especialistas, sino tambi\u00e9n con los procesos y la tecnolog\u00eda que les permite trabajar simult\u00e1neamente en la traducci\u00f3n y revisi\u00f3n de los textos, adem\u00e1s de controlar, entre otras cosas, que se usen los glosarios con la terminolog\u00eda adecuada para que todo sea correcto y parezca hecho por la misma persona.<\/p>\n<p>Para tu tranquilidad, certificamos las normas ISO 9001 (calidad de procesos) e ISO 17100 (requisitos para los servicios de traducci\u00f3n).<\/p>\n<p>Nuestro compromiso es ofrecerte traducciones legales profesionales, confidencialidad, un trato amable y personalizado, y asesorarte para cuidar al m\u00e1ximo tu presupuesto.<\/p>\n<\/div><\/section><br \/>\n<div class='avia-button-wrap avia-button-left '><a href='https:\/\/ant-translation.com\/es-US\/contacto\/' class='avia-button  avia-icon_select-yes-left-icon avia-color-theme-color avia-size-medium avia-position-left '   ><span class='avia_button_icon avia_button_icon_left ' aria-hidden='true' data-av_icon='\ue805' data-av_iconfont='entypo-fontello'><\/span><span class='avia_iconbox_title' >Ponte en contacto con nosotros<\/span><\/a><\/div><\/p><\/div><\/div><!--close column table wrapper. Autoclose: 1 -->\n<\/div><\/div><\/div><!-- close content main div --><\/div><\/div><div id='after_section_1' class='main_color av_default_container_wrap container_wrap sidebar_right'   ><div class='container' ><div class='template-page content  av-content-small alpha units'><div class='post-entry post-entry-type-page post-entry-1689'><div class='entry-content-wrapper clearfix'>\n<\/div><\/div><\/div><!-- close content main div --><\/div><\/div><div id='av_section_2' class='avia-section main_color avia-section-large avia-no-shadow avia-bg-style-scroll  container_wrap sidebar_right'   ><div class='container' ><div class='template-page content  av-content-small alpha units'><div class='post-entry post-entry-type-page post-entry-1689'><div class='entry-content-wrapper clearfix'>\n<div style='padding-bottom:30px;' class='av-special-heading av-special-heading-h3  blockquote modern-quote '><h3 class='av-special-heading-tag'  itemprop=\"headline\"  >Mir\u00e1 art\u00edculos relacionados con la traducci\u00f3n legal en el blog de Ant:<\/h3><div class='special-heading-border'><div class='special-heading-inner-border' ><\/div><\/div><\/div>\n<div class='flex_column_table av-equal-height-column-flextable' ><div class=\"flex_column av_one_half  flex_column_table_cell av-equal-height-column av-align-middle av-zero-column-padding first  \" style='border-radius:0px; '><div class='avia-button-wrap avia-button-left '><a href='\/?p=1' class='avia-button  avia-icon_select-no avia-color-custom avia-size-medium avia-position-left '  style='background-color:#8c0052; border-color:#8c0052; color:#ffffff; ' ><span class='avia_iconbox_title' >C\u00f3mo reducir los costos de las traducciones legales<\/span><\/a><\/div><\/div><\/div><!--close column table wrapper. Autoclose: 1 --><div class='flex_column_table av-equal-height-column-flextable' ><div class='av-flex-placeholder'><\/div><div class=\"flex_column av_one_half  flex_column_table_cell av-equal-height-column av-align-middle av-zero-column-padding   \" style='border-radius:0px; '><div class='avia-button-wrap avia-button-left '><a href='\/?p=1370' class='avia-button  avia-icon_select-no avia-color-custom avia-size-medium avia-position-left '  style='background-color:#8c0052; border-color:#8c0052; color:#ffffff; ' ><span class='avia_iconbox_title' >Diferencia entre traducci\u00f3n certificada, traducci\u00f3n jurada y traducci\u00f3n notarizada<\/span><\/a><\/div><\/div><\/div><!--close column table wrapper. Autoclose: 1 --><\/div><\/div><\/div><!-- close content main div --><\/div><\/div><div id='after_section_2' class='main_color av_default_container_wrap container_wrap sidebar_right'   ><div class='container' ><div class='template-page content  av-content-small alpha units'><div class='post-entry post-entry-type-page post-entry-1689'><div class='entry-content-wrapper clearfix'>\n","protected":false},"excerpt":{"rendered":"","protected":false},"author":1,"featured_media":0,"parent":0,"menu_order":0,"comment_status":"closed","ping_status":"closed","template":"","meta":[],"yoast_head":"<!-- This site is optimized with the Yoast SEO plugin v20.3 - https:\/\/yoast.com\/wordpress\/plugins\/seo\/ -->\n<title>LEGALES - Ant Translation<\/title>\n<meta name=\"robots\" content=\"index, follow, max-snippet:-1, max-image-preview:large, max-video-preview:-1\" \/>\n<link rel=\"canonical\" href=\"https:\/\/ant-translation.com\/es-US\/legales\/\" \/>\n<meta property=\"og:locale\" content=\"es_ES\" \/>\n<meta property=\"og:type\" content=\"article\" \/>\n<meta property=\"og:title\" content=\"LEGALES - Ant Translation\" \/>\n<meta property=\"og:url\" content=\"https:\/\/ant-translation.com\/es-US\/legales\/\" \/>\n<meta property=\"og:site_name\" content=\"Ant Translation\" \/>\n<meta property=\"article:modified_time\" content=\"2019-01-14T18:59:39+00:00\" \/>\n<meta name=\"twitter:card\" content=\"summary_large_image\" \/>\n<meta name=\"twitter:label1\" content=\"Est. reading time\" \/>\n\t<meta name=\"twitter:data1\" content=\"6 minutes\" \/>\n<script type=\"application\/ld+json\" class=\"yoast-schema-graph\">{\"@context\":\"https:\/\/schema.org\",\"@graph\":[{\"@type\":\"WebPage\",\"@id\":\"https:\/\/ant-translation.com\/es-US\/legales\/\",\"url\":\"https:\/\/ant-translation.com\/es-US\/legales\/\",\"name\":\"LEGALES - Ant Translation\",\"isPartOf\":{\"@id\":\"https:\/\/ant-translation.com\/es-US\/#website\"},\"datePublished\":\"2019-01-14T18:51:28+00:00\",\"dateModified\":\"2019-01-14T18:59:39+00:00\",\"breadcrumb\":{\"@id\":\"https:\/\/ant-translation.com\/es-US\/legales\/#breadcrumb\"},\"inLanguage\":\"es-US\",\"potentialAction\":[{\"@type\":\"ReadAction\",\"target\":[\"https:\/\/ant-translation.com\/es-US\/legales\/\"]}]},{\"@type\":\"BreadcrumbList\",\"@id\":\"https:\/\/ant-translation.com\/es-US\/legales\/#breadcrumb\",\"itemListElement\":[{\"@type\":\"ListItem\",\"position\":1,\"name\":\"Home\",\"item\":\"https:\/\/ant-translation.com\/es-US\/\"},{\"@type\":\"ListItem\",\"position\":2,\"name\":\"LEGALES\"}]},{\"@type\":\"WebSite\",\"@id\":\"https:\/\/ant-translation.com\/es-US\/#website\",\"url\":\"https:\/\/ant-translation.com\/es-US\/\",\"name\":\"Ant Translation\",\"description\":\"Traducci\u00f3n profesional para entender, conectarte y lograr tus objetivos \",\"potentialAction\":[{\"@type\":\"SearchAction\",\"target\":{\"@type\":\"EntryPoint\",\"urlTemplate\":\"https:\/\/ant-translation.com\/es-US\/?s={search_term_string}\"},\"query-input\":\"required name=search_term_string\"}],\"inLanguage\":\"es-US\"}]}<\/script>\n<!-- \/ Yoast SEO plugin. -->","yoast_head_json":{"title":"LEGALES - Ant Translation","robots":{"index":"index","follow":"follow","max-snippet":"max-snippet:-1","max-image-preview":"max-image-preview:large","max-video-preview":"max-video-preview:-1"},"canonical":"https:\/\/ant-translation.com\/es-US\/legales\/","og_locale":"es_ES","og_type":"article","og_title":"LEGALES - Ant Translation","og_url":"https:\/\/ant-translation.com\/es-US\/legales\/","og_site_name":"Ant Translation","article_modified_time":"2019-01-14T18:59:39+00:00","twitter_card":"summary_large_image","twitter_misc":{"Est. reading time":"6 minutes"},"schema":{"@context":"https:\/\/schema.org","@graph":[{"@type":"WebPage","@id":"https:\/\/ant-translation.com\/es-US\/legales\/","url":"https:\/\/ant-translation.com\/es-US\/legales\/","name":"LEGALES - Ant Translation","isPartOf":{"@id":"https:\/\/ant-translation.com\/es-US\/#website"},"datePublished":"2019-01-14T18:51:28+00:00","dateModified":"2019-01-14T18:59:39+00:00","breadcrumb":{"@id":"https:\/\/ant-translation.com\/es-US\/legales\/#breadcrumb"},"inLanguage":"es-US","potentialAction":[{"@type":"ReadAction","target":["https:\/\/ant-translation.com\/es-US\/legales\/"]}]},{"@type":"BreadcrumbList","@id":"https:\/\/ant-translation.com\/es-US\/legales\/#breadcrumb","itemListElement":[{"@type":"ListItem","position":1,"name":"Home","item":"https:\/\/ant-translation.com\/es-US\/"},{"@type":"ListItem","position":2,"name":"LEGALES"}]},{"@type":"WebSite","@id":"https:\/\/ant-translation.com\/es-US\/#website","url":"https:\/\/ant-translation.com\/es-US\/","name":"Ant Translation","description":"Traducci\u00f3n profesional para entender, conectarte y lograr tus objetivos ","potentialAction":[{"@type":"SearchAction","target":{"@type":"EntryPoint","urlTemplate":"https:\/\/ant-translation.com\/es-US\/?s={search_term_string}"},"query-input":"required name=search_term_string"}],"inLanguage":"es-US"}]}},"_links":{"self":[{"href":"https:\/\/ant-translation.com\/es-US\/wp-json\/wp\/v2\/pages\/1689"}],"collection":[{"href":"https:\/\/ant-translation.com\/es-US\/wp-json\/wp\/v2\/pages"}],"about":[{"href":"https:\/\/ant-translation.com\/es-US\/wp-json\/wp\/v2\/types\/page"}],"author":[{"embeddable":true,"href":"https:\/\/ant-translation.com\/es-US\/wp-json\/wp\/v2\/users\/1"}],"replies":[{"embeddable":true,"href":"https:\/\/ant-translation.com\/es-US\/wp-json\/wp\/v2\/comments?post=1689"}],"version-history":[{"count":5,"href":"https:\/\/ant-translation.com\/es-US\/wp-json\/wp\/v2\/pages\/1689\/revisions"}],"predecessor-version":[{"id":1732,"href":"https:\/\/ant-translation.com\/es-US\/wp-json\/wp\/v2\/pages\/1689\/revisions\/1732"}],"wp:attachment":[{"href":"https:\/\/ant-translation.com\/es-US\/wp-json\/wp\/v2\/media?parent=1689"}],"curies":[{"name":"wp","href":"https:\/\/api.w.org\/{rel}","templated":true}]}}