{"id":1077,"date":"2017-12-21T17:20:08","date_gmt":"2017-12-21T17:20:08","guid":{"rendered":"https:\/\/staging.ant-translation.com\/arquitectura\/"},"modified":"2019-01-14T18:58:39","modified_gmt":"2019-01-14T18:58:39","slug":"arquitectura","status":"publish","type":"page","link":"https:\/\/ant-translation.com\/es-US\/arquitectura\/","title":{"rendered":"ARQUITECTURA"},"content":{"rendered":"<\/div><\/div><\/div><!-- close content main div --><\/div><\/div><div id='full_slider_1' class='avia-fullwidth-slider main_color avia-shadow  container_wrap sidebar_right'   ><div  data-size='featured'  data-lightbox_size='large'  data-animation='slide_up'  data-ids='529'  data-video_counter='0'  data-autoplay='true'  data-bg_slider='false'  data-slide_height=''  data-handle='av_slideshow_full'  data-interval='5'  data-class=' '  data-css_id=''  data-scroll_down=''  data-control_layout='av-control-default'  data-custom_markup=''  data-perma_caption=''  data-autoplay_stopper=''  data-image_attachment=''  data-min_height='0px'  data-src=''  data-position='top left'  data-repeat='no-repeat'  data-attach='scroll'  data-stretch=''  data-default-height='28.666666666667'  class='avia-slideshow avia-slideshow-1  av-control-default av-default-height-applied avia-slideshow-featured av_slideshow_full   avia-slide_up-slider '  itemscope=\"itemscope\" itemtype=\"https:\/\/schema.org\/ImageObject\" ><ul class='avia-slideshow-inner' style='padding-bottom: 28.666666666667%;'><li  class=' av-single-slide slide-1 ' ><div data-rel='slideshow-1' class='avia-slide-wrap'  ><div class = \"caption_fullwidth av-slideshow-caption caption_left\"><div class = \"container caption_container\"><div class = \"slideshow_caption\"><div class = \"slideshow_inner_caption\"><div class = \"slideshow_align_caption\"><h2  style='font-size:40px; ' class='avia-caption-title'  itemprop=\"name\" >ARQUITECTURA<\/h2><\/div><\/div><\/div><\/div><\/div><img src='https:\/\/ant-translation.com\/wp-content\/uploads\/2017\/12\/AT_slider_-arquitectura01-1500x430.jpg' width='1500' height='430' title='AT_slider_-arquitectura01' alt=''  itemprop=\"thumbnailUrl\"   \/><div class='av-section-color-overlay' style='opacity: 0.8; background-color: #00afec; '><\/div><\/div><\/li><\/ul><\/div><\/div>\n<\/div><\/div><\/div><!-- close content main div --><\/div><\/div><div id='av_section_1' class='avia-section main_color avia-section-large avia-no-border-styling avia-bg-style-scroll  container_wrap sidebar_right'   ><div class='container' ><div class='template-page content  av-content-small alpha units'><div class='post-entry post-entry-type-page post-entry-1077'><div class='entry-content-wrapper clearfix'>\n<div class='flex_column_table av-equal-height-column-flextable' ><div class=\"flex_column av_one_third  flex_column_table_cell av-equal-height-column av-align-top av-zero-column-padding first  \" style='border-radius:0px; '><p><div style='padding-bottom:10px;color:#00afec;font-size:24px;' class='av-special-heading av-special-heading-h3 custom-color-heading blockquote modern-quote   av-inherit-size'><h3 class='av-special-heading-tag'  itemprop=\"headline\"  >Traducci\u00f3n para arquitectura, estudios urbanos, construcci\u00f3n e ingenier\u00eda civil<\/h3><div class='special-heading-border'><div class='special-heading-inner-border' style='border-color:#00afec'><\/div><\/div><\/div><br \/>\n<div style='height:20px' class='hr hr-invisible '><span class='hr-inner ' ><span class='hr-inner-style'><\/span><\/span><\/div><br \/>\n<div class='avia-image-container  av-styling-   avia-align-center '  itemscope=\"itemscope\" itemtype=\"https:\/\/schema.org\/ImageObject\"  ><div class='avia-image-container-inner'><img class='avia_image ' src='https:\/\/ant-translation.com\/wp-content\/uploads\/2017\/12\/logos-ISO.jpg' alt='' title='logos-ISO'   itemprop=\"thumbnailUrl\"  \/><\/div><\/div><\/p><\/div><\/div><!--close column table wrapper. Autoclose: 1 --><div class='flex_column_table av-equal-height-column-flextable' ><div class='av-flex-placeholder'><\/div><div class=\"flex_column av_two_third  flex_column_table_cell av-equal-height-column av-align-top av-zero-column-padding   \" style='border-radius:0px; '><p><div style='padding-bottom:10px;color:#185694;font-size:21px;' class='av-special-heading av-special-heading-h3 custom-color-heading blockquote modern-quote   av-inherit-size'><h3 class='av-special-heading-tag'  itemprop=\"headline\"  >Difer\u00e9nciate<\/h3><div class='special-heading-border'><div class='special-heading-inner-border' style='border-color:#185694'><\/div><\/div><\/div><br \/>\n<section class=\"av_textblock_section\"  itemscope=\"itemscope\" itemtype=\"https:\/\/schema.org\/CreativeWork\" ><div class='avia_textblock '   itemprop=\"text\" ><p>Los fundadores de ANT cursaron estudios de grado y posgrado en arquitectura y urbanismo, planificaci\u00f3n y estudios urbanos. Ponemos a tu disposici\u00f3n una red de especialistas inigualable.<\/p>\n<\/div><\/section><br \/>\n<div class='avia-button-wrap avia-button-left '><a href='https:\/\/ant-translation.com\/es-US\/contacto\/' class='avia-button  avia-icon_select-yes-left-icon avia-color-theme-color avia-size-medium avia-position-left '   ><span class='avia_button_icon avia_button_icon_left ' aria-hidden='true' data-av_icon='\ue805' data-av_iconfont='entypo-fontello'><\/span><span class='avia_iconbox_title' >Ponte en contacto con nosotros<\/span><\/a><\/div><\/p><\/div><\/div><!--close column table wrapper. Autoclose: 1 --><\/div><\/div><\/div><!-- close content main div --><\/div><\/div><div id='after_section_1' class='main_color av_default_container_wrap container_wrap sidebar_right'   ><div class='container' ><div class='template-page content  av-content-small alpha units'><div class='post-entry post-entry-type-page post-entry-1077'><div class='entry-content-wrapper clearfix'><\/div><\/div><\/div><!-- close content main div --><\/div><\/div><div id='av_section_2' class='avia-section main_color avia-section-large avia-no-border-styling avia-bg-style-scroll  container_wrap sidebar_right' style = 'background-color: #f2f2f2; '  ><div class='container' ><div class='template-page content  av-content-small alpha units'><div class='post-entry post-entry-type-page post-entry-1077'><div class='entry-content-wrapper clearfix'>\n<div class='flex_column_table av-equal-height-column-flextable' ><div class=\"flex_column av_one_fourth  flex_column_table_cell av-equal-height-column av-align-bottom av-zero-column-padding first  \" style='border-radius:0px; '><p><div style='padding-bottom:10px;color:#185694;font-size:21px;' class='av-special-heading av-special-heading-h3 custom-color-heading blockquote modern-quote   av-inherit-size'><h3 class='av-special-heading-tag'  itemprop=\"headline\"  >Las mejores pr\u00e1cticas, sistematizadas <\/h3><div class='special-heading-border'><div class='special-heading-inner-border' style='border-color:#185694'><\/div><\/div><\/div><br \/>\n<div style=' margin-top:15px; margin-bottom:15px;'  class='hr hr-custom hr-center hr-icon-no '><span class='hr-inner   inner-border-av-border-fat' style=' width:100%; border-color:#00afec;' ><span class='hr-inner-style'><\/span><\/span><\/div><\/p><\/div><\/div><!--close column table wrapper. Autoclose: 1 --><div class='flex_column_table av-equal-height-column-flextable' ><div class='av-flex-placeholder'><\/div><div class=\"flex_column av_one_fourth  flex_column_table_cell av-equal-height-column av-align-bottom av-zero-column-padding   \" style='border-radius:0px; '><p><div style='padding-bottom:10px;color:#185694;font-size:21px;' class='av-special-heading av-special-heading-h3 custom-color-heading blockquote modern-quote   av-inherit-size'><h3 class='av-special-heading-tag'  itemprop=\"headline\"  >Traducci\u00f3n jurada, legal y de marketing<\/h3><div class='special-heading-border'><div class='special-heading-inner-border' style='border-color:#185694'><\/div><\/div><\/div><br \/>\n<div style=' margin-top:15px; margin-bottom:15px;'  class='hr hr-custom hr-center hr-icon-no '><span class='hr-inner   inner-border-av-border-fat' style=' width:100%; border-color:#33bff0;' ><span class='hr-inner-style'><\/span><\/span><\/div><\/p><\/div><\/div><!--close column table wrapper. Autoclose: 1 --><div class='flex_column_table av-equal-height-column-flextable' ><div class='av-flex-placeholder'><\/div><div class=\"flex_column av_one_fourth  flex_column_table_cell av-equal-height-column av-align-bottom av-zero-column-padding   \" style='border-radius:0px; '><p><div style='padding-bottom:10px;color:#185694;font-size:21px;' class='av-special-heading av-special-heading-h3 custom-color-heading blockquote modern-quote   av-inherit-size'><h3 class='av-special-heading-tag'  itemprop=\"headline\"  >Equilibrio desde todos los \u00e1ngulos y en todas las escalas<\/h3><div class='special-heading-border'><div class='special-heading-inner-border' style='border-color:#185694'><\/div><\/div><\/div><br \/>\n<div style=' margin-top:15px; margin-bottom:15px;'  class='hr hr-custom hr-center hr-icon-no '><span class='hr-inner   inner-border-av-border-fat' style=' width:100%; border-color:#66cff4;' ><span class='hr-inner-style'><\/span><\/span><\/div><\/p><\/div><\/div><!--close column table wrapper. Autoclose: 1 --><div class='flex_column_table av-equal-height-column-flextable' ><div class='av-flex-placeholder'><\/div><div class=\"flex_column av_one_fourth  flex_column_table_cell av-equal-height-column av-align-bottom av-zero-column-padding   \" style='border-radius:0px; '><p><div style='padding-bottom:10px;color:#185694;font-size:21px;' class='av-special-heading av-special-heading-h3 custom-color-heading blockquote modern-quote   av-inherit-size'><h3 class='av-special-heading-tag'  itemprop=\"headline\"  >Supervisi\u00f3n de obra<\/h3><div class='special-heading-border'><div class='special-heading-inner-border' style='border-color:#185694'><\/div><\/div><\/div><br \/>\n<div style=' margin-top:15px; margin-bottom:15px;'  class='hr hr-custom hr-center hr-icon-no '><span class='hr-inner   inner-border-av-border-fat' style=' width:100%; border-color:#99dff7;' ><span class='hr-inner-style'><\/span><\/span><\/div><\/p><\/div><\/div><!--close column table wrapper. Autoclose: 1 --><div class='flex_column_table av-equal-height-column-flextable' ><div class=\"flex_column av_one_fourth  flex_column_table_cell av-equal-height-column av-align-top av-zero-column-padding first  \" style='border-radius:0px; '><section class=\"av_textblock_section\"  itemscope=\"itemscope\" itemtype=\"https:\/\/schema.org\/CreativeWork\" ><div class='avia_textblock '   itemprop=\"text\" ><p>Para tu tranquilidad, certificamos las normas ISO 9001:2015 (calidad de procesos) e ISO 17100:2015 (calidad para servicios de traducci\u00f3n), aplicamos procesos de eficiencia comprobada y la tecnolog\u00eda m\u00e1s avanzada.<\/p>\n<\/div><\/section><\/div><\/div><!--close column table wrapper. Autoclose: 1 --><div class='flex_column_table av-equal-height-column-flextable' ><div class='av-flex-placeholder'><\/div><div class=\"flex_column av_one_fourth  flex_column_table_cell av-equal-height-column av-align-top av-zero-column-padding   \" style='border-radius:0px; '><section class=\"av_textblock_section\"  itemscope=\"itemscope\" itemtype=\"https:\/\/schema.org\/CreativeWork\" ><div class='avia_textblock '   itemprop=\"text\" ><p>Traducci\u00f3n especializada en arquitectura, urbanismo e ingenier\u00eda. Puedes contar con ANT si necesitas traducciones para presentaciones oficiales, asuntos legales o para difundir tu organizaci\u00f3n y tus logros.<\/p>\n<\/div><\/section><\/div><\/div><!--close column table wrapper. Autoclose: 1 --><div class='flex_column_table av-equal-height-column-flextable' ><div class='av-flex-placeholder'><\/div><div class=\"flex_column av_one_fourth  flex_column_table_cell av-equal-height-column av-align-top av-zero-column-padding   \" style='border-radius:0px; '><section class=\"av_textblock_section\"  itemscope=\"itemscope\" itemtype=\"https:\/\/schema.org\/CreativeWork\" ><div class='avia_textblock '   itemprop=\"text\" ><p>Estos son temas complejos, para traducirlos hay que entender de estilos, t\u00e9cnicas y procesos, adem\u00e1s de los c\u00f3digos y las normas. Son especialidades unidas por el espacio y el territorio, pero cada una con sus enfoques, escalas y terminolog\u00eda.<\/p>\n<\/div><\/section><\/div><\/div><!--close column table wrapper. Autoclose: 1 --><div class='flex_column_table av-equal-height-column-flextable' ><div class='av-flex-placeholder'><\/div><div class=\"flex_column av_one_fourth  flex_column_table_cell av-equal-height-column av-align-top av-zero-column-padding   \" style='border-radius:0px; '><section class=\"av_textblock_section\"  itemscope=\"itemscope\" itemtype=\"https:\/\/schema.org\/CreativeWork\" ><div class='avia_textblock '   itemprop=\"text\" ><p>En el portal para clientes de ANT puedes acceder a informes y estad\u00edsticas de tus proyectos. Adem\u00e1s, trabajamos contigo en la gesti\u00f3n de la terminolog\u00eda y los manuales de estilo para tu organizaci\u00f3n.<\/p>\n<\/div><\/section><\/div><\/div><!--close column table wrapper. Autoclose: 1 --><\/div><\/div><\/div><!-- close content main div --><\/div><\/div><div id='after_section_2' class='main_color av_default_container_wrap container_wrap sidebar_right'   ><div class='container' ><div class='template-page content  av-content-small alpha units'><div class='post-entry post-entry-type-page post-entry-1077'><div class='entry-content-wrapper clearfix'><\/div><\/div><\/div><!-- close content main div --><\/div><\/div><div id='av_section_3' class='avia-section main_color avia-section-default avia-no-border-styling av-parallax-section avia-bg-style-parallax  av-minimum-height av-minimum-height-custom container_wrap sidebar_right'  data-section-bg-repeat='no-repeat' ><div class='av-parallax' data-avia-parallax-ratio='0.3' ><div class='av-parallax-inner main_color  avia-full-stretch' style = 'background-repeat: no-repeat; background-image: url(https:\/\/ant-translation.com\/wp-content\/uploads\/2017\/12\/AT_slider_-arquitectura02.jpg); background-attachment: scroll; background-position: center center; ' ><\/div><\/div><div class='container' style='height:474px'><div class='template-page content  av-content-small alpha units'><div class='post-entry post-entry-type-page post-entry-1077'><div class='entry-content-wrapper clearfix'><\/div><\/div><\/div><!-- close content main div --><\/div><\/div><div id='after_section_3' class='main_color av_default_container_wrap container_wrap sidebar_right'   ><div class='container' ><div class='template-page content  av-content-small alpha units'><div class='post-entry post-entry-type-page post-entry-1077'><div class='entry-content-wrapper clearfix'><\/p>\n<\/div><\/div><\/div><!-- close content main div --><\/div><\/div><div id='av_section_4' class='avia-section main_color avia-section-large avia-no-shadow avia-bg-style-scroll  container_wrap sidebar_right' style = 'background-color: #f2f2f2; '  ><div class='container' ><div class='template-page content  av-content-small alpha units'><div class='post-entry post-entry-type-page post-entry-1077'><div class='entry-content-wrapper clearfix'>\n<div class='flex_column_table av-equal-height-column-flextable' ><div class=\"flex_column av_one_half  flex_column_table_cell av-equal-height-column av-align-bottom av-zero-column-padding first  \" style='border-radius:0px; '><p><div style='padding-bottom:10px;color:#185694;font-size:21px;' class='av-special-heading av-special-heading-h3 custom-color-heading blockquote modern-quote   av-inherit-size'><h3 class='av-special-heading-tag'  itemprop=\"headline\"  >Terminaciones de calidad en todos los formatos<\/h3><div class='special-heading-border'><div class='special-heading-inner-border' style='border-color:#185694'><\/div><\/div><\/div><br \/>\n<div style=' margin-top:15px; margin-bottom:15px;'  class='hr hr-custom hr-center hr-icon-no '><span class='hr-inner   inner-border-av-border-fat' style=' width:100%; border-color:#00afec;' ><span class='hr-inner-style'><\/span><\/span><\/div><\/p><\/div><\/div><!--close column table wrapper. Autoclose: 1 --><div class='flex_column_table av-equal-height-column-flextable' ><div class='av-flex-placeholder'><\/div><div class=\"flex_column av_one_half  flex_column_table_cell av-equal-height-column av-align-bottom av-zero-column-padding   \" style='border-radius:0px; '><p><div style='padding-bottom:10px;color:#185694;font-size:21px;' class='av-special-heading av-special-heading-h3 custom-color-heading blockquote modern-quote   av-inherit-size'><h3 class='av-special-heading-tag'  itemprop=\"headline\"  >Entiende, con\u00e9ctate, logra<\/h3><div class='special-heading-border'><div class='special-heading-inner-border' style='border-color:#185694'><\/div><\/div><\/div><br \/>\n<div style=' margin-top:15px; margin-bottom:15px;'  class='hr hr-custom hr-center hr-icon-no '><span class='hr-inner   inner-border-av-border-fat' style=' width:100%; border-color:#33bff0;' ><span class='hr-inner-style'><\/span><\/span><\/div><\/p><\/div><\/div><!--close column table wrapper. Autoclose: 1 --><div class='flex_column_table av-equal-height-column-flextable' ><div class=\"flex_column av_one_half  flex_column_table_cell av-equal-height-column av-align-top av-zero-column-padding first  \" style='border-radius:0px; '><section class=\"av_textblock_section\"  itemscope=\"itemscope\" itemtype=\"https:\/\/schema.org\/CreativeWork\" ><div class='avia_textblock '   itemprop=\"text\" ><p>Lleva tu obra al mundo y trae el mundo a tu puerta con traducci\u00f3n y localizaci\u00f3n de:<\/p>\n<ul>\n<li>Sitios web (WordPress, Drupal, etc.) y apps<\/li>\n<li>Word, Excel, Power Point, InDesign, Autocad, etc.<\/li>\n<li>Concursos<\/li>\n<li>Publicaciones (revistas, folletos, cat\u00e1logos, libros)<\/li>\n<li>Documentaci\u00f3n de obra, legal y t\u00e9cnica<\/li>\n<li>Normativa<\/li>\n<li>Licitaciones<\/li>\n<li>Especificaciones y dise\u00f1os<\/li>\n<li>Contratos<\/li>\n<li>Certificaciones<\/li>\n<li>Cusos presenciales y a distancia (<em>e-learning<\/em>)<\/li>\n<li>Congresos y conferencias<\/li>\n<li>Solicitudes de visas y postulaciones a becas y premios<\/li>\n<\/ul>\n<\/div><\/section><\/div><\/div><!--close column table wrapper. Autoclose: 1 --><div class='flex_column_table av-equal-height-column-flextable' ><div class='av-flex-placeholder'><\/div><div class=\"flex_column av_one_half  flex_column_table_cell av-equal-height-column av-align-top av-zero-column-padding   \" style='border-radius:0px; '><section class=\"av_textblock_section\"  itemscope=\"itemscope\" itemtype=\"https:\/\/schema.org\/CreativeWork\" ><div class='avia_textblock '   itemprop=\"text\" ><p>Servicios de traducci\u00f3n profesional para:<\/p>\n<ul>\n<li>Universidades y equipos de investigaci\u00f3n<\/li>\n<li>Estudios de arquitectura y urbanismo<\/li>\n<li>Consultoras<\/li>\n<li>Editoriales<\/li>\n<li>Organismos reguladores, gubernamentales y de certificaci\u00f3n<\/li>\n<li>Desarrolladores inmobiliarios<\/li>\n<li>Especialistas en bienes ra\u00edces y mercado inmobiliario<\/li>\n<li>Empresas constructoras<\/li>\n<li>Consejos profesionales<\/li>\n<li>Museos<\/li>\n<\/ul>\n<\/div><\/section><\/div><\/div><!--close column table wrapper. Autoclose: 1 -->\n<\/div><\/div><\/div><!-- close content main div --><\/div><\/div><div id='after_section_4' class='main_color av_default_container_wrap container_wrap sidebar_right'   ><div class='container' ><div class='template-page content  av-content-small alpha units'><div class='post-entry post-entry-type-page post-entry-1077'><div class='entry-content-wrapper clearfix'>\n","protected":false},"excerpt":{"rendered":"","protected":false},"author":1,"featured_media":0,"parent":0,"menu_order":0,"comment_status":"closed","ping_status":"closed","template":"","meta":[],"yoast_head":"<!-- This site is optimized with the Yoast SEO plugin v20.3 - https:\/\/yoast.com\/wordpress\/plugins\/seo\/ -->\n<title>ARQUITECTURA - Ant Translation<\/title>\n<meta name=\"robots\" content=\"index, follow, max-snippet:-1, max-image-preview:large, max-video-preview:-1\" \/>\n<link rel=\"canonical\" href=\"https:\/\/ant-translation.com\/es-US\/arquitectura\/\" \/>\n<meta property=\"og:locale\" content=\"es_ES\" \/>\n<meta property=\"og:type\" content=\"article\" \/>\n<meta property=\"og:title\" content=\"ARQUITECTURA - Ant Translation\" \/>\n<meta property=\"og:url\" content=\"https:\/\/ant-translation.com\/es-US\/arquitectura\/\" \/>\n<meta property=\"og:site_name\" content=\"Ant Translation\" \/>\n<meta property=\"article:modified_time\" content=\"2019-01-14T18:58:39+00:00\" \/>\n<meta name=\"twitter:card\" content=\"summary_large_image\" \/>\n<meta name=\"twitter:label1\" content=\"Est. reading time\" \/>\n\t<meta name=\"twitter:data1\" content=\"13 minutes\" \/>\n<script type=\"application\/ld+json\" class=\"yoast-schema-graph\">{\"@context\":\"https:\/\/schema.org\",\"@graph\":[{\"@type\":\"WebPage\",\"@id\":\"https:\/\/ant-translation.com\/es-US\/arquitectura\/\",\"url\":\"https:\/\/ant-translation.com\/es-US\/arquitectura\/\",\"name\":\"ARQUITECTURA - Ant Translation\",\"isPartOf\":{\"@id\":\"https:\/\/ant-translation.com\/es-US\/#website\"},\"datePublished\":\"2017-12-21T17:20:08+00:00\",\"dateModified\":\"2019-01-14T18:58:39+00:00\",\"breadcrumb\":{\"@id\":\"https:\/\/ant-translation.com\/es-US\/arquitectura\/#breadcrumb\"},\"inLanguage\":\"es-US\",\"potentialAction\":[{\"@type\":\"ReadAction\",\"target\":[\"https:\/\/ant-translation.com\/es-US\/arquitectura\/\"]}]},{\"@type\":\"BreadcrumbList\",\"@id\":\"https:\/\/ant-translation.com\/es-US\/arquitectura\/#breadcrumb\",\"itemListElement\":[{\"@type\":\"ListItem\",\"position\":1,\"name\":\"Home\",\"item\":\"https:\/\/ant-translation.com\/es-US\/\"},{\"@type\":\"ListItem\",\"position\":2,\"name\":\"ARQUITECTURA\"}]},{\"@type\":\"WebSite\",\"@id\":\"https:\/\/ant-translation.com\/es-US\/#website\",\"url\":\"https:\/\/ant-translation.com\/es-US\/\",\"name\":\"Ant Translation\",\"description\":\"Traducci\u00f3n profesional para entender, conectarte y lograr tus objetivos \",\"potentialAction\":[{\"@type\":\"SearchAction\",\"target\":{\"@type\":\"EntryPoint\",\"urlTemplate\":\"https:\/\/ant-translation.com\/es-US\/?s={search_term_string}\"},\"query-input\":\"required name=search_term_string\"}],\"inLanguage\":\"es-US\"}]}<\/script>\n<!-- \/ Yoast SEO plugin. -->","yoast_head_json":{"title":"ARQUITECTURA - Ant Translation","robots":{"index":"index","follow":"follow","max-snippet":"max-snippet:-1","max-image-preview":"max-image-preview:large","max-video-preview":"max-video-preview:-1"},"canonical":"https:\/\/ant-translation.com\/es-US\/arquitectura\/","og_locale":"es_ES","og_type":"article","og_title":"ARQUITECTURA - Ant Translation","og_url":"https:\/\/ant-translation.com\/es-US\/arquitectura\/","og_site_name":"Ant Translation","article_modified_time":"2019-01-14T18:58:39+00:00","twitter_card":"summary_large_image","twitter_misc":{"Est. reading time":"13 minutes"},"schema":{"@context":"https:\/\/schema.org","@graph":[{"@type":"WebPage","@id":"https:\/\/ant-translation.com\/es-US\/arquitectura\/","url":"https:\/\/ant-translation.com\/es-US\/arquitectura\/","name":"ARQUITECTURA - Ant Translation","isPartOf":{"@id":"https:\/\/ant-translation.com\/es-US\/#website"},"datePublished":"2017-12-21T17:20:08+00:00","dateModified":"2019-01-14T18:58:39+00:00","breadcrumb":{"@id":"https:\/\/ant-translation.com\/es-US\/arquitectura\/#breadcrumb"},"inLanguage":"es-US","potentialAction":[{"@type":"ReadAction","target":["https:\/\/ant-translation.com\/es-US\/arquitectura\/"]}]},{"@type":"BreadcrumbList","@id":"https:\/\/ant-translation.com\/es-US\/arquitectura\/#breadcrumb","itemListElement":[{"@type":"ListItem","position":1,"name":"Home","item":"https:\/\/ant-translation.com\/es-US\/"},{"@type":"ListItem","position":2,"name":"ARQUITECTURA"}]},{"@type":"WebSite","@id":"https:\/\/ant-translation.com\/es-US\/#website","url":"https:\/\/ant-translation.com\/es-US\/","name":"Ant Translation","description":"Traducci\u00f3n profesional para entender, conectarte y lograr tus objetivos ","potentialAction":[{"@type":"SearchAction","target":{"@type":"EntryPoint","urlTemplate":"https:\/\/ant-translation.com\/es-US\/?s={search_term_string}"},"query-input":"required name=search_term_string"}],"inLanguage":"es-US"}]}},"_links":{"self":[{"href":"https:\/\/ant-translation.com\/es-US\/wp-json\/wp\/v2\/pages\/1077"}],"collection":[{"href":"https:\/\/ant-translation.com\/es-US\/wp-json\/wp\/v2\/pages"}],"about":[{"href":"https:\/\/ant-translation.com\/es-US\/wp-json\/wp\/v2\/types\/page"}],"author":[{"embeddable":true,"href":"https:\/\/ant-translation.com\/es-US\/wp-json\/wp\/v2\/users\/1"}],"replies":[{"embeddable":true,"href":"https:\/\/ant-translation.com\/es-US\/wp-json\/wp\/v2\/comments?post=1077"}],"version-history":[{"count":4,"href":"https:\/\/ant-translation.com\/es-US\/wp-json\/wp\/v2\/pages\/1077\/revisions"}],"predecessor-version":[{"id":1687,"href":"https:\/\/ant-translation.com\/es-US\/wp-json\/wp\/v2\/pages\/1077\/revisions\/1687"}],"wp:attachment":[{"href":"https:\/\/ant-translation.com\/es-US\/wp-json\/wp\/v2\/media?parent=1077"}],"curies":[{"name":"wp","href":"https:\/\/api.w.org\/{rel}","templated":true}]}}